{"id":1047,"date":"2018-06-01T10:29:42","date_gmt":"2018-06-01T08:29:42","guid":{"rendered":"http:\/\/www.atus-graz.com\/?page_id=1047"},"modified":"2025-03-20T16:56:19","modified_gmt":"2025-03-20T15:56:19","slug":"datenschutz","status":"publish","type":"page","link":"https:\/\/www.atus-graz.com\/index.php\/datenschutz\/","title":{"rendered":"DATENSCHUTZ"},"content":{"rendered":"\n<style type=\"text\/css\" data-created_by=\"avia_inline_auto\" id=\"style-css-av-1otuij-3a97fe3e16a269d948409bc68c086389\">\n.avia-section.av-1otuij-3a97fe3e16a269d948409bc68c086389{\nbackground-color:#000000;\nbackground-image:unset;\n}\n.avia-section.av-1otuij-3a97fe3e16a269d948409bc68c086389 .av-extra-border-element .av-extra-border-inner{\nbackground-color:#000000;\n}\n<\/style>\n<div id='av_section_1'  class='avia-section av-1otuij-3a97fe3e16a269d948409bc68c086389 main_color avia-section-default avia-no-border-styling  avia-builder-el-0  el_before_av_section  avia-builder-el-first  avia-bg-style-scroll av-arrow-down-section av-minimum-height av-minimum-height-custom  container_wrap sidebar_right'   data-av_minimum_height_px='430'><div class='container av-section-cont-open' style='height:430px'><main  role=\"main\" itemprop=\"mainContentOfPage\"  class='template-page content  av-content-small alpha units'><div class='post-entry post-entry-type-page post-entry-1047'><div class='entry-content-wrapper clearfix'>\n\n<style type=\"text\/css\" data-created_by=\"avia_inline_auto\" id=\"style-css-av-jhvpbtwp-3b7c76279dcf9b50feb1cf0886ea21a6\">\n#top .av-special-heading.av-jhvpbtwp-3b7c76279dcf9b50feb1cf0886ea21a6{\npadding-bottom:40px;\ncolor:#ffffff;\nfont-size:42px;\n}\nbody .av-special-heading.av-jhvpbtwp-3b7c76279dcf9b50feb1cf0886ea21a6 .av-special-heading-tag .heading-char{\nfont-size:25px;\n}\n#top #wrap_all .av-special-heading.av-jhvpbtwp-3b7c76279dcf9b50feb1cf0886ea21a6 .av-special-heading-tag{\nfont-size:42px;\n}\n.av-special-heading.av-jhvpbtwp-3b7c76279dcf9b50feb1cf0886ea21a6 .special-heading-inner-border{\nborder-color:#ffffff;\n}\n.av-special-heading.av-jhvpbtwp-3b7c76279dcf9b50feb1cf0886ea21a6 .av-subheading{\nfont-size:20px;\n}\n\n@media only screen and (min-width: 480px) and (max-width: 767px){ \n#top #wrap_all .av-special-heading.av-jhvpbtwp-3b7c76279dcf9b50feb1cf0886ea21a6 .av-special-heading-tag{\nfont-size:0.8em;\n}\n}\n\n@media only screen and (max-width: 479px){ \n#top #wrap_all .av-special-heading.av-jhvpbtwp-3b7c76279dcf9b50feb1cf0886ea21a6 .av-special-heading-tag{\nfont-size:0.8em;\n}\n}\n<\/style>\n<div  class='av-special-heading av-jhvpbtwp-3b7c76279dcf9b50feb1cf0886ea21a6 av-special-heading-h2 custom-color-heading blockquote modern-quote  avia-builder-el-1  avia-builder-el-no-sibling  av-inherit-size'><h2 class='av-special-heading-tag'  itemprop=\"headline\"  >Datenschutz<\/h2><div class=\"special-heading-border\"><div class=\"special-heading-inner-border\"><\/div><\/div><\/div>\n\n<\/div><\/div><\/main><!-- close content main element --><\/div><div class='av-extra-border-element border-extra-arrow-down'><div class='av-extra-border-outer'><div class='av-extra-border-inner'><\/div><\/div><\/div><\/div><div id='av_section_2'  class='avia-section av-n8h2b-6f2380f57b8055b5969ede9dda1fcaef main_color avia-section-default avia-no-border-styling  avia-builder-el-2  el_after_av_section  avia-builder-el-last  avia-bg-style-scroll container_wrap sidebar_right'  ><div class='container av-section-cont-open' ><div class='template-page content  av-content-small alpha units'><div class='post-entry post-entry-type-page post-entry-1047'><div class='entry-content-wrapper clearfix'>\n<div class='flex_column_table av-fhimj-c0c07b3f602baed853cf7e1519724291 sc-av_one_full av-equal-height-column-flextable'>\n<style type=\"text\/css\" data-created_by=\"avia_inline_auto\" id=\"style-css-av-fhimj-c0c07b3f602baed853cf7e1519724291\">\n.flex_column.av-fhimj-c0c07b3f602baed853cf7e1519724291{\n-webkit-border-radius:0px 0px 0px 0px;\n-moz-border-radius:0px 0px 0px 0px;\nborder-radius:0px 0px 0px 0px;\npadding:30px 30px 30px 30px;\nbackground-color:#f4f4f4;\n}\n<\/style>\n<div class='flex_column av-fhimj-c0c07b3f602baed853cf7e1519724291 av_one_full  avia-builder-el-3  avia-builder-el-no-sibling  first flex_column_table_cell av-equal-height-column av-align-middle '     ><style type=\"text\/css\" data-created_by=\"avia_inline_auto\" id=\"style-css-av-6txsz-c8b48fbb98657df2523e7d822ff8947c\">\n#top .av_textblock_section.av-6txsz-c8b48fbb98657df2523e7d822ff8947c .avia_textblock{\ncolor:#0a0a0a;\n}\n<\/style>\n<section  class='av_textblock_section av-6txsz-c8b48fbb98657df2523e7d822ff8947c'  itemscope=\"itemscope\" itemtype=\"https:\/\/schema.org\/CreativeWork\" ><div class='avia_textblock av_inherit_color'  itemprop=\"text\" ><h2>Datenschutz<\/h2>\n<p>Der Schutz Ihrer pers\u00f6nlichen Daten ist uns ein besonderes Anliegen. Wir verarbeiten Ihre Daten daher ausschlie\u00dflich auf Grundlage der gesetzlichen Bestimmungen (DSGVO, TKG 2003). In diesen Datenschutzinformationen informieren wir Sie \u00fcber die wichtigsten Aspekte der Datenverarbeitung im Rahmen unserer Website.<\/p>\n<h3 id=\"heading_Kontakt_mit_uns\">Kontakt mit uns \u00fcber die Website<\/h3>\n<p>Wenn Sie per Formular auf der Website oder per E-Mail Kontakt mit uns aufnehmen, werden Ihre angegebenen Daten zwecks Bearbeitung der Anfrage und f\u00fcr den Fall von Anschlussfragen bei uns gespeichert. Diese Daten geben wir nicht ohne Ihre Einwilligung weiter.<\/p>\n<p>Die uns von Ihnen zur Verf\u00fcgung gestellten Daten werden von uns nur solange gespeichert, wie es f\u00fcr die Erf\u00fcllung des jeweiligen Zwecks, f\u00fcr den Sie uns Ihre Daten \u00fcbermittelt haben, oder f\u00fcr die Einhaltung gesetzlicher Bestimmungen erforderlich ist. Die von Ihnen erteilte Einwilligung kann von Ihnen jederzeit mit Wirkung f\u00fcr die Zukunft<a href=\"https:\/\/www.nivea.at\/datenschutz\/#widerruf\">\u00a0<\/a>widerrufen\u00a0werden.<\/p>\n<h3>Informationen f\u00fcr Mitglieder<\/h3>\n<p>Ihre pers\u00f6nlich bekannt gegebenen Daten werden vom <strong>ATUS-Graz<\/strong> nur zum Zweck <strong>der Anmeldung bei Wettk\u00e4mpfen und Trainingskursen, Flugbuchung, Hotelbuchung, Lizenz UIPM, Ergebnisliste,<\/strong> <strong>Presse<\/strong> und <strong>Website<\/strong> auf Rechtsgrundlage Vertragserf\u00fcllung (DSGVO Art. 6\/1b) sowie von F\u00f6rdergeber, Dachverband UIPM, Veranstalter von Wettkampf und Trainingskursen, Fluggesellschaften, Hotels und Presse verarbeitet. Es handelt sich dabei um die Datenkategorien Geschlecht, Titel, Name, Geburtsdatum, Anschrift, Reisepassdaten, Kommunikation (Email, Telefon)\u00a0 und Vereinszugeh\u00f6rigkeit.\u00a0 Die Daten werden bis zu 7 Jahre nach Vereinsaustritt gespeichert.<\/p>\n<p>Sie haben jederzeit das Recht auf Auskunft \u00fcber die Daten, Berichtigung, L\u00f6schung und Einschr\u00e4nkung der Verarbeitung der Daten sowie ein Widerspruchsrecht gegen die Verarbeitung der Daten und das Recht auf Daten\u00fcbertragbarkeit. Sie haben das Recht Ihre gegebene Einwilligung jederzeit per E-Mail- <u><a href=\"mailto:office@atus-graz.com\">office@atus-graz.com<\/a><\/u> oder <u><a href=\"mailto:mitglieder@atus-graz.com\">mitglieder@atus-graz.com<\/a><\/u>.at zu widerrufen.<\/p>\n<p>Sie haben das Recht auf Beschwerde bei der Aufsichtsbeh\u00f6rde. Die Daten stammen aus der Quelle: pers\u00f6nlich bekanntgegeben<\/p>\n<p>Die Bereitstellung der Daten ist f\u00fcr die Erf\u00fcllung des gegenst\u00e4ndlichen Vertrags notwendig. Ohne diese Daten ist eine Mitgliedschaft unm\u00f6glich.<\/p>\n<p>Es besteht keine Absicht Ihre Daten f\u00fcr automatisierte Entscheidungsfindung einschlie\u00dflich Profiling (Datenanalyse zu Verhalten, Gewohnheiten, Pr\u00e4ferenzen\u2026) zu verarbeiten.<\/p>\n<p><strong><u>Information \u00fcber Sportergebnismanagement <\/u><\/strong><\/p>\n<p>Aufgrund der Einwilligung der betroffenen Person nach Art. 6 Abs. 1 lit. a DSGVO bzw. der Erf\u00fcllung einer vertraglichen bzw. rechtlichen Verpflichtung des Verantwortlichen nach Art. 6 Abs. 1 lit. b und c bzw. f DSGVO werden die personenbezogenen Daten der betroffenen Person, soweit diese f\u00fcr die Leistungs-\/Ergebniserfassung bzw. Ergebnismanagement im Zusammenhang mit der Anmeldung oder Teilnahme an (sportlichen) Veranstaltungen oder Wettk\u00e4mpfen erforderlich sind, gespeichert und auch nach Art. 17 Abs. 3 in Verbindung mit Art. 89 DSGVO f\u00fcr im \u00f6ffentlichen Interesse liegende Archivzwecke und berechtigte Interessen des Verantwortlichen gespeichert und \u00f6ffentlich zug\u00e4nglich gemacht:<\/p>\n<p>Dies wird von der betroffenen Person ausdr\u00fccklich zur Kenntnis genommen.<\/p>\n<h3 id=\"heading_Cookies\">Cookies<\/h3>\n<p>Unsere Website verwendet so genannte Cookies. Dabei handelt es sich um kleine Textdateien, die mit Hilfe des Browsers auf Ihrem Endger\u00e4t abgelegt werden. Sie richten keinen Schaden an. Wir nutzen Cookies dazu, unser Angebot nutzerfreundlich zu gestalten. Einige Cookies bleiben auf Ihrem Endger\u00e4t gespeichert, bis Sie diese l\u00f6schen. Sie erm\u00f6glichen es uns, Ihren Browser beim n\u00e4chsten Besuch wiederzuerkennen. Wenn Sie dies nicht w\u00fcnschen, so k\u00f6nnen Sie Ihren Browser so einrichten, dass er Sie \u00fcber das Setzen von Cookies informiert und Sie dies nur im Einzelfall erlauben. Bei der Deaktivierung von Cookies kann die Funktionalit\u00e4t unserer Website eingeschr\u00e4nkt sein.<\/p>\n<h3 id=\"heading_Web_Analyse\">Web-Analyse<\/h3>\n<p><strong>Google Analytics<\/strong><br \/>\nDiese Website benutzt Google Analytics, einen Webanalysedienst der Google Inc., 1600 Amphitheatre Parkway, Mountain View, CA 94043, USA (\u201eGoogle\u201c). Google Analytics verwendet eine spezifische Form von \u201eCookies\u201c, Textdateien, die auf Ihrem Computer gespeichert werden und die eine Analyse der Benutzung der Website durch Sie erm\u00f6glichen. Die durch den Cookie erzeugten Informationen \u00fcber Ihre Benutzung dieser Website werden in der Regel an einen Server von Google in den USA \u00fcbertragen und dort gespeichert.\u00a0Google wird diese Informationen in unserem Auftrag benutzen, um Ihre Nutzung dieser Website auszuwerten, um Reports \u00fcber die Websiteaktivit\u00e4ten zusammenzustellen und um weitere mit der Websitenutzung und der Internetnutzung verbundene Dienstleistungen gegen\u00fcber dem Websitebetreiber zu erbringen. Die im Rahmen von Google Analytics von Ihrem Browser \u00fcbermittelte IP-Adresse wird nicht mit anderen Daten von Google zusammengef\u00fchrt. N\u00e4here Informationen zu Nutzungsbedingungen und Datenschutz finden Sie unter\u00a0<a href=\"http:\/\/www.google.com\/analytics\/terms\/de.html\">http:\/\/www.google.com\/analytics\/terms\/de.html<\/a>\u00a0bzw. unter\u00a0<a href=\"http:\/\/www.google.com\/intl\/de\/analytics\/privacyoverview.html\">http:\/\/www.google.com\/intl\/de\/analytics\/privacyoverview.html<\/a>.<\/p>\n<h3>Social Plug-ins<\/h3>\n<p>Auf unseren Websites kommen sogenannte Social Plugins (\u201ePlug-ins\u201c) von sozialen Netzwerken zum Einsatz, insbesondere der \u201eShare\u201c bzw. \u201eMit Freunden teilen\u201c-Button des Anbieters \u201eFacebook\u201c, dessen Internetauftritt facebook.com von der Facebook Inc., 1601 S. California Ave, Palo Alto, CA 94304, USA betrieben wird. F\u00fcr die deutsche Website facebook.de ist die Facebook Ireland Limited, Hanover Reach, 5-7 Hanover Quay, Dublin 2, Ireland verantwortlich. Die Plug-ins sind in der Regel mit einem Facebook Logo gekennzeichnet.\u00a0Auf die Art und den Umfang der Daten, die von den sozialen Netzwerken dann erhoben werden, haben wir keinen Einfluss. Zweck und Umfang der Datenerhebung und die weitere Verarbeitung und Nutzung der Daten durch die jeweiligen sozialen Netzwerke sowie Ihre diesbez\u00fcglichen Rechte und Einstellungsm\u00f6glichkeiten zum Schutz Ihrer Privatsph\u00e4re entnehmen Sie bitte den Datenschutzhinweisen der jeweiligen sozialen Netzwerke, zu Facebook unter\u00a0<a href=\"http:\/\/www.google.de\/intl\/de\/policies\/privacy\/\">http:\/\/www.google.de\/intl\/de\/policies\/privacy\/<\/a>\u00a0bzw.\u00a0<a href=\"http:\/\/twitter.com\/privacy\">http:\/\/twitter.com\/privacy<\/a>\u00a0sowie f\u00fcr Pinterest unter\u00a0<a href=\"http:\/\/about.pinterest.com\/privacy\/\">http:\/\/about.pinterest.com\/privacy\/<\/a>.<\/p>\n<h3>Kontakt, Auskunft, Widerruf, Sperrung, L\u00f6schung<\/h3>\n<p>Sie k\u00f6nnen jederzeit unentgeltlich der Nutzung Ihrer personenbezogenen Daten f\u00fcr die Zukunft widersprechen, eine teilweise oder vollst\u00e4ndige L\u00f6schung oder Sperrung veranlassen oder Auskunft \u00fcber die von uns zu Ihrer Person gespeicherten Daten bzw. deren Berichtigung verlangen. Die Einhaltung einer besonderen Form ist nicht erforderlich, schreiben Sie uns zum Beispiel per E-Mail unter\u00a0<a href=\"mailto:office@atus-graz.com\">office@atus-graz.com<\/a>.<\/p>\n<h3>Datensicherheit<\/h3>\n<p>Wir haben technische und organisatorische Ma\u00dfnahmen getroffen, um Ihre Daten vor Verlust, Ver\u00e4nderung oder Fremdzugriff zu sch\u00fctzen. Diese Sicherheitsma\u00dfnahmen werden entsprechend der technologischen Entwicklung fortlaufend von uns verbessert.<\/p>\n<h3>Aktualisierung und \u00c4nderung<\/h3>\n<p>Teile der Datenschutzerkl\u00e4rung k\u00f6nnen von uns ge\u00e4ndert oder aktualisiert werden, ohne dass Sie vorher von uns benachrichtigt werden. Bitte \u00fcberpr\u00fcfen Sie jeweils die Datenschutzerkl\u00e4rung bevor Sie unser Angebot nutzen, um bei m\u00f6glichen \u00c4nderungen oder Aktualisierungen auf dem neusten Stand zu sein. Stand der Datenschutzerkl\u00e4rung: Mai 2018.<\/p>\n<\/div><\/section><\/div><\/div><!--close column table wrapper. Autoclose: 1 --><\/div><\/div><\/div><!-- close content main div --><\/div><\/div><div id='after_section_2'  class='main_color av_default_container_wrap container_wrap sidebar_right'  ><div class='container av-section-cont-open' ><div class='template-page content  av-content-small alpha units'><div class='post-entry post-entry-type-page post-entry-1047'><div class='entry-content-wrapper clearfix'>\n","protected":false},"excerpt":{"rendered":"","protected":false},"author":1,"featured_media":0,"parent":0,"menu_order":0,"comment_status":"closed","ping_status":"closed","template":"","meta":{"footnotes":""},"class_list":["post-1047","page","type-page","status-publish","hentry"],"_links":{"self":[{"href":"https:\/\/www.atus-graz.com\/index.php\/wp-json\/wp\/v2\/pages\/1047","targetHints":{"allow":["GET"]}}],"collection":[{"href":"https:\/\/www.atus-graz.com\/index.php\/wp-json\/wp\/v2\/pages"}],"about":[{"href":"https:\/\/www.atus-graz.com\/index.php\/wp-json\/wp\/v2\/types\/page"}],"author":[{"embeddable":true,"href":"https:\/\/www.atus-graz.com\/index.php\/wp-json\/wp\/v2\/users\/1"}],"replies":[{"embeddable":true,"href":"https:\/\/www.atus-graz.com\/index.php\/wp-json\/wp\/v2\/comments?post=1047"}],"version-history":[{"count":11,"href":"https:\/\/www.atus-graz.com\/index.php\/wp-json\/wp\/v2\/pages\/1047\/revisions"}],"predecessor-version":[{"id":1097,"href":"https:\/\/www.atus-graz.com\/index.php\/wp-json\/wp\/v2\/pages\/1047\/revisions\/1097"}],"wp:attachment":[{"href":"https:\/\/www.atus-graz.com\/index.php\/wp-json\/wp\/v2\/media?parent=1047"}],"curies":[{"name":"wp","href":"https:\/\/api.w.org\/{rel}","templated":true}]}}