{"id":2913,"date":"2025-10-04T12:05:06","date_gmt":"2025-10-04T10:05:06","guid":{"rendered":"https:\/\/www.atus-graz.com\/?page_id=2913"},"modified":"2025-11-15T10:02:24","modified_gmt":"2025-11-15T09:02:24","slug":"triathlon","status":"publish","type":"page","link":"https:\/\/www.atus-graz.com\/index.php\/triathlon\/","title":{"rendered":"TRIATHLON"},"content":{"rendered":"\n<style type=\"text\/css\" data-created_by=\"avia_inline_auto\" id=\"style-css-av-dsss9l-9bfcb4b0c0cdf332dc97c6ff52029f60\">\n.avia-section.av-dsss9l-9bfcb4b0c0cdf332dc97c6ff52029f60{\nbackground-color:#000000;\nbackground-image:url(https:\/\/www.atus-graz.com\/wp-content\/uploads\/2025\/10\/IMG-20250914-WA0015-1.jpg);\nbackground-repeat:no-repeat;\nbackground-position:50% 50%;\nbackground-attachment:scroll;\n}\n.avia-section.av-dsss9l-9bfcb4b0c0cdf332dc97c6ff52029f60 .av-section-color-overlay{\nopacity:0.2;\nbackground-color:#000000;\n}\n<\/style>\n<div id='av_section_1'  class='avia-section av-dsss9l-9bfcb4b0c0cdf332dc97c6ff52029f60 main_color avia-section-default avia-no-border-styling  avia-builder-el-0  el_before_av_section  avia-builder-el-first  avia-full-stretch avia-bg-style-scroll av-section-color-overlay-active container_wrap sidebar_right'  data-section-bg-repeat='stretch'><div class=\"av-section-color-overlay-wrap\"><div class=\"av-section-color-overlay\"><\/div><div class='container av-section-cont-open' ><main  role=\"main\" itemprop=\"mainContentOfPage\"  class='template-page content  av-content-small alpha units'><div class='post-entry post-entry-type-page post-entry-2913'><div class='entry-content-wrapper clearfix'>\n\n<style type=\"text\/css\" data-created_by=\"avia_inline_auto\" id=\"style-css-av-jlxj6wcw-9e9df8b97f72ce813eec26236b171336\">\n#top .av-special-heading.av-jlxj6wcw-9e9df8b97f72ce813eec26236b171336{\npadding-bottom:40px;\ncolor:#ffffff;\nfont-size:42px;\n}\nbody .av-special-heading.av-jlxj6wcw-9e9df8b97f72ce813eec26236b171336 .av-special-heading-tag .heading-char{\nfont-size:25px;\n}\n#top #wrap_all .av-special-heading.av-jlxj6wcw-9e9df8b97f72ce813eec26236b171336 .av-special-heading-tag{\nfont-size:42px;\n}\n.av-special-heading.av-jlxj6wcw-9e9df8b97f72ce813eec26236b171336 .special-heading-inner-border{\nborder-color:#ffffff;\n}\n.av-special-heading.av-jlxj6wcw-9e9df8b97f72ce813eec26236b171336 .av-subheading{\nfont-size:20px;\n}\n\n@media only screen and (min-width: 480px) and (max-width: 767px){ \n#top #wrap_all .av-special-heading.av-jlxj6wcw-9e9df8b97f72ce813eec26236b171336 .av-special-heading-tag{\nfont-size:32px;\n}\n}\n\n@media only screen and (max-width: 479px){ \n#top #wrap_all .av-special-heading.av-jlxj6wcw-9e9df8b97f72ce813eec26236b171336 .av-special-heading-tag{\nfont-size:28px;\n}\n}\n<\/style>\n<div  class='av-special-heading av-jlxj6wcw-9e9df8b97f72ce813eec26236b171336 av-special-heading-h2 custom-color-heading blockquote modern-quote  avia-builder-el-1  avia-builder-el-no-sibling  av-inherit-size'><h2 class='av-special-heading-tag'  itemprop=\"headline\"  >TRIATHLON<\/h2><div class='av_custom_color av-subheading av-subheading_below'><p>Trainingsplanung &amp; -steuerung<\/p>\n<\/div><div class=\"special-heading-border\"><div class=\"special-heading-inner-border\"><\/div><\/div><\/div>\n\n<\/div><\/div><\/main><!-- close content main element --><\/div><\/div><\/div><div id='av_section_2'  class='avia-section av-djog1t-7fcb580a6276a5c9e6a5658fc803b908 main_color avia-section-default avia-no-border-styling  avia-builder-el-2  el_after_av_section  el_before_av_section  avia-bg-style-scroll container_wrap sidebar_right'  ><div class='container av-section-cont-open' ><div class='template-page content  av-content-small alpha units'><div class='post-entry post-entry-type-page post-entry-2913'><div class='entry-content-wrapper clearfix'>\n<div class='flex_column_table av-37udf5-39c0daa7abaaee0391a2a520f22a10f4 sc-av_three_fourth av-equal-height-column-flextable'>\n<style type=\"text\/css\" data-created_by=\"avia_inline_auto\" id=\"style-css-av-37udf5-39c0daa7abaaee0391a2a520f22a10f4\">\n.flex_column.av-37udf5-39c0daa7abaaee0391a2a520f22a10f4{\npadding:30px 30px 30px 30px;\nbackground-color:#f4f4f4;\n}\n<\/style>\n<div class='flex_column av-37udf5-39c0daa7abaaee0391a2a520f22a10f4 av_three_fourth  avia-builder-el-3  el_before_av_one_fourth  avia-builder-el-first  first flex_column_table_cell av-equal-height-column av-align-top '     ><section  class='av_textblock_section av-mgb1qsir-56e3d84a4dd620f171c0b4df0d3c74d0'  itemscope=\"itemscope\" itemtype=\"https:\/\/schema.org\/CreativeWork\" ><div class='avia_textblock'  itemprop=\"text\" ><p dir=\"auto\"><strong><span style=\"font-size: 14pt;\">NEU beim ATUS Graz: Sektion Triathlon<\/span><\/strong><\/p>\n<p dir=\"auto\">Du tr\u00e4umst davon, dich sportlich weiterzuentwickeln, deine Grenzen zu verschieben, mehr aus deinem Training herauszuholen oder erst in den Triathlonsport einzusteigen?<\/p>\n<p dir=\"auto\">Ob Anf\u00e4nger oder Fortgeschrittene \u2013 eine ATUS Graz Mitgliedschaft in der Sektion Triathlon bietet dir:<\/p>\n<div dir=\"auto\">\u2705\u00a0 Individuelle Trainingsplanung &amp; -steuerung, abgestimmt auf dein Leistungsniveau<\/div>\n<div dir=\"auto\">\u2705\u00a0 Pers\u00f6nliche Tipps und Know-how von international erfolgreichen Athleten<\/div>\n<div dir=\"auto\">\u2705\u00a0 Erm\u00e4\u00dfigte Trainingslehrg\u00e4nge (Lokalit\u00e4ten 2026: Lanzarote, Koper, Villach Faakersee)<\/div>\n<p dir=\"auto\">Starte jetzt mit uns in dein Triathlon-Abenteuer. Gemeinsam erreichen wir deine Ziele!<\/p>\n<\/div><\/section><\/div><div class='av-flex-placeholder'><\/div>\n<style type=\"text\/css\" data-created_by=\"avia_inline_auto\" id=\"style-css-av-1vtjrl-2158150dbd8144e18165f68c427ea1b0\">\n.flex_column.av-1vtjrl-2158150dbd8144e18165f68c427ea1b0{\npadding:30px 30px 30px 30px;\nbackground-color:#f4f4f4;\n}\n<\/style>\n<div class='flex_column av-1vtjrl-2158150dbd8144e18165f68c427ea1b0 av_one_fourth  avia-builder-el-5  el_after_av_three_fourth  avia-builder-el-last  flex_column_table_cell av-equal-height-column av-align-top '     ><section  class='av_textblock_section av-mgb1rwcb-d1d12990a0b005113d784b3bea6d5140'  itemscope=\"itemscope\" itemtype=\"https:\/\/schema.org\/CreativeWork\" ><div class='avia_textblock'  itemprop=\"text\" ><h3>KONTAKT<\/h3>\n<p>Vanessa Urbanz:<\/p>\n<p>+43 664 4500690<\/p>\n<p>Anmeldung &amp; Information: <a href=\"mailto:triathlon@atus-graz.com\">triathlon@atus-graz.com<\/a><\/p>\n<\/div><\/section><\/div><\/div><!--close column table wrapper. Autoclose: 1 --><\/div><\/div><\/div><!-- close content main div --><\/div><\/div><div id='av_section_3'  class='avia-section av-gak3pt-74258f463f1a883227d573a9630d781e main_color avia-section-no-padding avia-no-border-styling  avia-builder-el-7  el_after_av_section  el_before_av_section  avia-bg-style-scroll container_wrap sidebar_right'  ><div class='container av-section-cont-open' ><div class='template-page content  av-content-small alpha units'><div class='post-entry post-entry-type-page post-entry-2913'><div class='entry-content-wrapper clearfix'>\n<section  class='av_textblock_section av-mgc3rkfu-77e2d6f39e092a053a85b4dca48abac0'  itemscope=\"itemscope\" itemtype=\"https:\/\/schema.org\/CreativeWork\" ><div class='avia_textblock'  itemprop=\"text\" ><h3>Unser Trainerteam:<\/h3>\n<\/div><\/section>\n<div class='flex_column_table av-eidkpd-2663e2fee7dc6c3f9d6de7191a1bac3b sc-av_one_fourth av-equal-height-column-flextable'>\n<style type=\"text\/css\" data-created_by=\"avia_inline_auto\" id=\"style-css-av-eidkpd-2663e2fee7dc6c3f9d6de7191a1bac3b\">\n.flex_column.av-eidkpd-2663e2fee7dc6c3f9d6de7191a1bac3b{\npadding:30px 30px 30px 30px;\nbackground-color:#f4f4f4;\n}\n<\/style>\n<div class='flex_column av-eidkpd-2663e2fee7dc6c3f9d6de7191a1bac3b av_one_fourth  avia-builder-el-9  el_after_av_textblock  el_before_av_three_fourth  first flex_column_table_cell av-equal-height-column av-align-top column-top-margin'     ><style type=\"text\/css\" data-created_by=\"avia_inline_auto\" id=\"style-css-av-d07cdd-3d163a7b7754f1b825ad7cecb2d1c8b3\">\n.avia-image-container.av-d07cdd-3d163a7b7754f1b825ad7cecb2d1c8b3 img.avia_image{\nbox-shadow:none;\n}\n.avia-image-container.av-d07cdd-3d163a7b7754f1b825ad7cecb2d1c8b3 .av-image-caption-overlay-center{\ncolor:#ffffff;\n}\n<\/style>\n<div  class='avia-image-container av-d07cdd-3d163a7b7754f1b825ad7cecb2d1c8b3 av-styling- avia-align-center  avia-builder-el-10  avia-builder-el-no-sibling '   itemprop=\"image\" itemscope=\"itemscope\" itemtype=\"https:\/\/schema.org\/ImageObject\" ><div class=\"avia-image-container-inner\"><div class=\"avia-image-overlay-wrap\"><img class='wp-image-2952 avia-img-lazy-loading-not-2952 avia_image ' src='https:\/\/www.atus-graz.com\/wp-content\/uploads\/2025\/10\/Vanessa-Urbanz2_SU-TRI-STYRIA_Athletin-1-215x300.jpg' alt='' title='Vanessa Urbanz2_SU TRI STYRIA_Athletin'  height=\"300\" width=\"215\"  itemprop=\"thumbnailUrl\"  \/><\/div><\/div><\/div><\/div><div class='av-flex-placeholder'><\/div>\n<style type=\"text\/css\" data-created_by=\"avia_inline_auto\" id=\"style-css-av-10w2w1-35c866a072423868a4bde0a4d0ad346e\">\n.flex_column.av-10w2w1-35c866a072423868a4bde0a4d0ad346e{\npadding:30px 30px 30px 30px;\nbackground-color:#f4f4f4;\n}\n<\/style>\n<div class='flex_column av-10w2w1-35c866a072423868a4bde0a4d0ad346e av_three_fourth  avia-builder-el-11  el_after_av_one_fourth  avia-builder-el-last  flex_column_table_cell av-equal-height-column av-align-top column-top-margin'     ><section  class='av_textblock_section av-8mxoxd-78cf2577aa503d0675b571fb772fb851'  itemscope=\"itemscope\" itemtype=\"https:\/\/schema.org\/CreativeWork\" ><div class='avia_textblock'  itemprop=\"text\" ><p dir=\"auto\"><strong><span style=\"font-size: 14pt;\">Vanessa Urbanz<\/span><\/strong><\/p>\n<p dir=\"auto\">Vom Schwimmsport zum Triathlon. 8 internationale Medaillen bei Age Group Europa- und Weltmeisterschaften im Open Water Schwimmen, Triathlon Sprint, Aquathlon und Aquabike. Schwimm- und Triathloninstruktorin.<\/p>\n<\/div><\/section><\/div><\/div><!--close column table wrapper. Autoclose: 1 -->\n<\/p>\n<\/div><\/div><\/div><!-- close content main div --><\/div><\/div><div id='av_section_4'  class='avia-section av-9k7lxd-310b3522f857fdff6168e8f542867de0 main_color avia-section-default avia-no-border-styling  avia-builder-el-13  el_after_av_section  el_before_av_horizontal_gallery  avia-bg-style-scroll container_wrap sidebar_right'  ><div class='container av-section-cont-open' ><div class='template-page content  av-content-small alpha units'><div class='post-entry post-entry-type-page post-entry-2913'><div class='entry-content-wrapper clearfix'>\n<div class='flex_column_table av-7lyvz5-27edb5c60a157d9c4e95e78407900334 sc-av_one_fourth av-equal-height-column-flextable'>\n<style type=\"text\/css\" data-created_by=\"avia_inline_auto\" id=\"style-css-av-7lyvz5-27edb5c60a157d9c4e95e78407900334\">\n.flex_column.av-7lyvz5-27edb5c60a157d9c4e95e78407900334{\npadding:30px 30px 30px 30px;\nbackground-color:#f4f4f4;\n}\n<\/style>\n<div class='flex_column av-7lyvz5-27edb5c60a157d9c4e95e78407900334 av_one_fourth  avia-builder-el-14  el_before_av_three_fourth  avia-builder-el-first  first flex_column_table_cell av-equal-height-column av-align-top '     ><style type=\"text\/css\" data-created_by=\"avia_inline_auto\" id=\"style-css-av-6g61ld-15a9270b64c19368dfc2e46ab1c0df34\">\n.avia-image-container.av-6g61ld-15a9270b64c19368dfc2e46ab1c0df34 img.avia_image{\nbox-shadow:none;\n}\n.avia-image-container.av-6g61ld-15a9270b64c19368dfc2e46ab1c0df34 .av-image-caption-overlay-center{\ncolor:#ffffff;\n}\n<\/style>\n<div  class='avia-image-container av-6g61ld-15a9270b64c19368dfc2e46ab1c0df34 av-styling- avia-align-center  avia-builder-el-15  avia-builder-el-no-sibling '   itemprop=\"image\" itemscope=\"itemscope\" itemtype=\"https:\/\/schema.org\/ImageObject\" ><div class=\"avia-image-container-inner\"><div class=\"avia-image-overlay-wrap\"><img class='wp-image-2901 avia-img-lazy-loading-not-2901 avia_image ' src='https:\/\/www.atus-graz.com\/wp-content\/uploads\/2025\/10\/IMG-20250524-WA0049-192x300.jpg' alt='' title='IMG-20250524-WA0049'  height=\"300\" width=\"192\"  itemprop=\"thumbnailUrl\"  \/><\/div><\/div><\/div><\/div><div class='av-flex-placeholder'><\/div>\n<style type=\"text\/css\" data-created_by=\"avia_inline_auto\" id=\"style-css-av-48h69t-7c6488e8857a00ae121af6212e3912f4\">\n.flex_column.av-48h69t-7c6488e8857a00ae121af6212e3912f4{\npadding:30px 30px 30px 30px;\nbackground-color:#f4f4f4;\n}\n<\/style>\n<div class='flex_column av-48h69t-7c6488e8857a00ae121af6212e3912f4 av_three_fourth  avia-builder-el-16  el_after_av_one_fourth  avia-builder-el-last  flex_column_table_cell av-equal-height-column av-align-top '     ><section  class='av_textblock_section av-2030gh-c2a3f2295d3c2df522163c3a4206c313'  itemscope=\"itemscope\" itemtype=\"https:\/\/schema.org\/CreativeWork\" ><div class='avia_textblock'  itemprop=\"text\" ><p dir=\"auto\"><strong><span style=\"font-size: 14pt;\">Andrea Mauri<\/span><\/strong><\/p>\n<p dir=\"auto\">Vom Handball und Motorsport zum Triathlon. Ein echter Ausdauer-Champion und der schnellste Triathlet, den Triest jemals hatte. Mehrfacher italienischer Meister \u00fcber die Mitteldistanz und bereits zweimal f\u00fcr die Ironman Weltmeisterschaften auf Hawaii qualifiziert (2024, 2026) \u2013 als bester Age Group Athlet Italiens. Trainer f\u00fcr Bodybuilding und Athletik.<\/p>\n<\/div><\/section><\/div><\/div><!--close column table wrapper. Autoclose: 1 -->\n\n\n<style type=\"text\/css\" data-created_by=\"avia_inline_auto\" id=\"style-css-av-mgb2p0u4-d765316ceb9736e91b28c101417b1276\">\n.av-horizontal-gallery.av-mgb2p0u4-d765316ceb9736e91b28c101417b1276 .av-horizontal-gallery-inner{\npadding-bottom:25%;\n}\n<\/style>\n<div  class='av-horizontal-gallery av-mgb2p0u4-d765316ceb9736e91b28c101417b1276 av-horizontal-gallery-no-gap av-horizontal-gallery--effect  avia-builder-el-18  el_after_av_section  avia-builder-el-last  av-small-hide av-mini-hide av-slideshow-ui av-control-hidden av-no-slider-navigation av-hide-nav-arrows av-slideshow-manual av-loop-once av-loop-manual-once av-horizontal-gallery-1' data-slideshow-data=\"{&quot;animation&quot;:&quot;slide&quot;,&quot;autoplay&quot;:false,&quot;loop_autoplay&quot;:&quot;once&quot;,&quot;interval&quot;:5,&quot;loop_manual&quot;:&quot;manual-once&quot;,&quot;autoplay_stopper&quot;:false,&quot;noNavigation&quot;:true,&quot;bg_slider&quot;:false,&quot;keep_padding&quot;:&quot;&quot;,&quot;hoverpause&quot;:false,&quot;show_slide_delay&quot;:0}\"  itemprop=\"image\" itemscope=\"itemscope\" itemtype=\"https:\/\/schema.org\/ImageObject\" ><div class='avia-slideshow-arrows avia-slideshow-controls' ><a href='#prev' class='prev-slide av-horizontal-gallery-prev' aria-hidden='true' data-av_icon='\ue87c' data-av_iconfont='entypo-fontello'  tabindex='-1'>Zur\u00fcck<\/a><a href='#next' class='next-slide av-horizontal-gallery-next' aria-hidden='true' data-av_icon='\ue87d' data-av_iconfont='entypo-fontello'  tabindex='-1'>Weiter<\/a><\/div><div class='avia-slideshow-dots avia-slideshow-controls av-horizontal-gallery-dots fade-in'><a href='#1' class='goto-slide active' >1<\/a><a href='#2' class='goto-slide ' >2<\/a><a href='#3' class='goto-slide ' >3<\/a><a href='#4' class='goto-slide ' >4<\/a><a href='#5' class='goto-slide ' >5<\/a><a href='#6' class='goto-slide ' >6<\/a><\/div><div class='av-horizontal-gallery-inner' data-av-height='25'><div class=\"av-horizontal-gallery-slider\"><div class=\"av-horizontal-gallery-wrap noHover\"><img class='wp-image-2902 avia-img-lazy-loading-not-2902 av-horizontal-gallery-img' width='709' height='1030' src='https:\/\/www.atus-graz.com\/wp-content\/uploads\/2025\/10\/IMG-20250912-WA0005-709x1030.jpg' title='IMG-20250912-WA0005' alt='' \/><\/div><div class=\"av-horizontal-gallery-wrap noHover\"><img class='wp-image-2905 avia-img-lazy-loading-not-2905 av-horizontal-gallery-img' width='829' height='1030' src='https:\/\/www.atus-graz.com\/wp-content\/uploads\/2025\/10\/IMG_4803-829x1030.jpg' title='IMG_4803' alt='' \/><\/div><div class=\"av-horizontal-gallery-wrap noHover\"><img class='wp-image-2953 avia-img-lazy-loading-not-2953 av-horizontal-gallery-img' width='651' height='1030' src='https:\/\/www.atus-graz.com\/wp-content\/uploads\/2025\/10\/IMG_4449-651x1030.jpg' title='IMG_4449' alt='' \/><\/div><div class=\"av-horizontal-gallery-wrap noHover\"><img class='wp-image-2900 avia-img-lazy-loading-not-2900 av-horizontal-gallery-img' width='444' height='366' src='https:\/\/www.atus-graz.com\/wp-content\/uploads\/2025\/10\/IMG-20241103-WA0038.jpg' title='IMG-20241103-WA0038' alt='' \/><\/div><div class=\"av-horizontal-gallery-wrap noHover\"><img class='wp-image-2955 avia-img-lazy-loading-not-2955 av-horizontal-gallery-img' width='521' height='852' src='https:\/\/www.atus-graz.com\/wp-content\/uploads\/2025\/10\/IMG-20231124-WA0032.jpg' title='IMG-20231124-WA0032' alt='' \/><\/div><div class=\"av-horizontal-gallery-wrap noHover\"><img class='wp-image-2954 avia-img-lazy-loading-not-2954 av-horizontal-gallery-img' width='471' height='696' src='https:\/\/www.atus-graz.com\/wp-content\/uploads\/2025\/10\/IMG-20250914-WA0016.jpg' title='IMG-20250914-WA0016' alt='' \/><\/div><\/div><\/div><\/div>\n","protected":false},"excerpt":{"rendered":"","protected":false},"author":1,"featured_media":0,"parent":0,"menu_order":0,"comment_status":"closed","ping_status":"closed","template":"","meta":{"footnotes":""},"class_list":["post-2913","page","type-page","status-publish","hentry"],"_links":{"self":[{"href":"https:\/\/www.atus-graz.com\/index.php\/wp-json\/wp\/v2\/pages\/2913","targetHints":{"allow":["GET"]}}],"collection":[{"href":"https:\/\/www.atus-graz.com\/index.php\/wp-json\/wp\/v2\/pages"}],"about":[{"href":"https:\/\/www.atus-graz.com\/index.php\/wp-json\/wp\/v2\/types\/page"}],"author":[{"embeddable":true,"href":"https:\/\/www.atus-graz.com\/index.php\/wp-json\/wp\/v2\/users\/1"}],"replies":[{"embeddable":true,"href":"https:\/\/www.atus-graz.com\/index.php\/wp-json\/wp\/v2\/comments?post=2913"}],"version-history":[{"count":51,"href":"https:\/\/www.atus-graz.com\/index.php\/wp-json\/wp\/v2\/pages\/2913\/revisions"}],"predecessor-version":[{"id":3065,"href":"https:\/\/www.atus-graz.com\/index.php\/wp-json\/wp\/v2\/pages\/2913\/revisions\/3065"}],"wp:attachment":[{"href":"https:\/\/www.atus-graz.com\/index.php\/wp-json\/wp\/v2\/media?parent=2913"}],"curies":[{"name":"wp","href":"https:\/\/api.w.org\/{rel}","templated":true}]}}