{"id":527,"date":"2018-01-19T12:19:06","date_gmt":"2018-01-19T11:19:06","guid":{"rendered":"http:\/\/neu.atus-graz.com\/?page_id=527"},"modified":"2025-03-20T16:56:22","modified_gmt":"2025-03-20T15:56:22","slug":"mitglied-werden","status":"publish","type":"page","link":"https:\/\/www.atus-graz.com\/index.php\/der-verein-uebersicht\/mitglied-werden\/","title":{"rendered":"MITGLIED WERDEN"},"content":{"rendered":"\n<style type=\"text\/css\" data-created_by=\"avia_inline_auto\" id=\"style-css-av-3cx31z-e8b95e57f123d1a80540a75240b2d6da\">\n.avia-section.av-3cx31z-e8b95e57f123d1a80540a75240b2d6da{\nbackground-color:#000000;\nbackground-image:url(https:\/\/www.atus-graz.com\/wp-content\/uploads\/2018\/01\/atus-graz.jpg);\nbackground-repeat:no-repeat;\nbackground-position:50% 100%;\nbackground-attachment:scroll;\n}\n<\/style>\n<div id='av_section_1'  class='avia-section av-3cx31z-e8b95e57f123d1a80540a75240b2d6da main_color avia-section-default avia-no-border-styling  avia-builder-el-0  el_before_av_section  avia-builder-el-first  avia-full-stretch avia-bg-style-scroll container_wrap sidebar_right'  data-section-bg-repeat='stretch'><div class='container av-section-cont-open' ><main  role=\"main\" itemprop=\"mainContentOfPage\"  class='template-page content  av-content-small alpha units'><div class='post-entry post-entry-type-page post-entry-527'><div class='entry-content-wrapper clearfix'>\n\n<style type=\"text\/css\" data-created_by=\"avia_inline_auto\" id=\"style-css-av-3ah3m7-1696fb13eb9ecf61983e68b28610f0cf\">\n#top .av-special-heading.av-3ah3m7-1696fb13eb9ecf61983e68b28610f0cf{\npadding-bottom:40px;\ncolor:#ffffff;\nfont-size:42px;\n}\nbody .av-special-heading.av-3ah3m7-1696fb13eb9ecf61983e68b28610f0cf .av-special-heading-tag .heading-char{\nfont-size:25px;\n}\n#top #wrap_all .av-special-heading.av-3ah3m7-1696fb13eb9ecf61983e68b28610f0cf .av-special-heading-tag{\nfont-size:42px;\n}\n.av-special-heading.av-3ah3m7-1696fb13eb9ecf61983e68b28610f0cf .special-heading-inner-border{\nborder-color:#ffffff;\n}\n.av-special-heading.av-3ah3m7-1696fb13eb9ecf61983e68b28610f0cf .av-subheading{\nfont-size:20px;\n}\n\n@media only screen and (min-width: 480px) and (max-width: 767px){ \n#top #wrap_all .av-special-heading.av-3ah3m7-1696fb13eb9ecf61983e68b28610f0cf .av-special-heading-tag{\nfont-size:0.8em;\n}\n}\n\n@media only screen and (max-width: 479px){ \n#top #wrap_all .av-special-heading.av-3ah3m7-1696fb13eb9ecf61983e68b28610f0cf .av-special-heading-tag{\nfont-size:0.8em;\n}\n}\n<\/style>\n<div  class='av-special-heading av-3ah3m7-1696fb13eb9ecf61983e68b28610f0cf av-special-heading-h2 custom-color-heading blockquote modern-quote  avia-builder-el-1  avia-builder-el-no-sibling  av-inherit-size'><h2 class='av-special-heading-tag'  itemprop=\"headline\"  >MITGLIED WERDEN<\/h2><div class='av_custom_color av-subheading av-subheading_below'><p>Wir freuen uns auf dich.<\/p>\n<\/div><div class=\"special-heading-border\"><div class=\"special-heading-inner-border\"><\/div><\/div><\/div>\n\n<\/div><\/div><\/main><!-- close content main element --><\/div><\/div><div id='av_section_2'  class='avia-section av-33o9kn-0e1bf7b6c9973144790a312261521cfb main_color avia-section-large avia-no-border-styling  avia-builder-el-2  el_after_av_section  avia-builder-el-last  avia-bg-style-scroll container_wrap sidebar_right'  ><div class='container av-section-cont-open' ><div class='template-page content  av-content-small alpha units'><div class='post-entry post-entry-type-page post-entry-527'><div class='entry-content-wrapper clearfix'>\n<div class='flex_column_table av-2x0m9b-401e030afd556a1006a90bb23a14fb15 sc-av_one_fifth av-equal-height-column-flextable'>\n<style type=\"text\/css\" data-created_by=\"avia_inline_auto\" id=\"style-css-av-2x0m9b-401e030afd556a1006a90bb23a14fb15\">\n.flex_column.av-2x0m9b-401e030afd556a1006a90bb23a14fb15{\n-webkit-border-radius:0px 0px 0px 0px;\n-moz-border-radius:0px 0px 0px 0px;\nborder-radius:0px 0px 0px 0px;\npadding:0px 0px 0px 0px;\nbackground-color:#ffffff;\n}\n<\/style>\n<div class='flex_column av-2x0m9b-401e030afd556a1006a90bb23a14fb15 av_one_fifth  avia-builder-el-3  el_before_av_three_fifth  avia-builder-el-first  first flex_column_table_cell av-equal-height-column av-align-top av-zero-column-padding '     ><\/div><div class='av-flex-placeholder'><\/div>\n<style type=\"text\/css\" data-created_by=\"avia_inline_auto\" id=\"style-css-av-9rh6n-3d30ce069f0746a18a4f7e267e636378\">\n.flex_column.av-9rh6n-3d30ce069f0746a18a4f7e267e636378{\n-webkit-border-radius:0px 0px 0px 0px;\n-moz-border-radius:0px 0px 0px 0px;\nborder-radius:0px 0px 0px 0px;\npadding:30px 30px 30px 30px;\nbackground-color:#f4f4f4;\n}\n<\/style>\n<div class='flex_column av-9rh6n-3d30ce069f0746a18a4f7e267e636378 av_three_fifth  avia-builder-el-4  el_after_av_one_fifth  el_before_av_one_fifth  flex_column_table_cell av-equal-height-column av-align-top '     ><style type=\"text\/css\" data-created_by=\"avia_inline_auto\" id=\"style-css-av-2ilyyn-8fc3c15b2d0032fe7a137a815381434e\">\n#top .av_textblock_section.av-2ilyyn-8fc3c15b2d0032fe7a137a815381434e .avia_textblock{\ncolor:#0a0a0a;\n}\n<\/style>\n<section  class='av_textblock_section av-2ilyyn-8fc3c15b2d0032fe7a137a815381434e'  itemscope=\"itemscope\" itemtype=\"https:\/\/schema.org\/CreativeWork\" ><div class='avia_textblock av_inherit_color'  itemprop=\"text\" ><h3 style=\"text-align: left;\">Schnupper rein&#8230;<\/h3>\n<p>&#8230;egal ob, zu Wasser, zu Lande oder (fast) in der Luft, der Verein ATUS Graz bietet euch eine Vielzahl von Sportm\u00f6glichkeiten.<\/p>\n<p>Ihr k\u00f6nnt euch gleich hier f\u00fcr eines oder mehrere Sportangebote f\u00fcr eine gratis Schnuppereinheit anmelden.<\/p>\n<p>Einfach Anmeldeformular mit euren Sportw\u00fcnschen ausf\u00fcllen und wir schicken euch dann Kontaktdaten und Terminm\u00f6glichkeiten.<\/p>\n<div style=\"text-align: center;\"><\/div>\n<\/div><\/section><\/div><div class='av-flex-placeholder'><\/div>\n<style type=\"text\/css\" data-created_by=\"avia_inline_auto\" id=\"style-css-av-2cuilj-622db382786244b528b047a13015aaaf\">\n.flex_column.av-2cuilj-622db382786244b528b047a13015aaaf{\n-webkit-border-radius:0px 0px 0px 0px;\n-moz-border-radius:0px 0px 0px 0px;\nborder-radius:0px 0px 0px 0px;\npadding:0px 0px 0px 0px;\nbackground-color:#ffffff;\n}\n<\/style>\n<div class='flex_column av-2cuilj-622db382786244b528b047a13015aaaf av_one_fifth  avia-builder-el-6  el_after_av_three_fifth  el_before_av_hr  flex_column_table_cell av-equal-height-column av-align-top av-zero-column-padding '     ><style type=\"text\/css\" data-created_by=\"avia_inline_auto\" id=\"style-css-av-26omxz-20a37079eb05b8597c5d559d949ef2e0\">\n#top .hr.hr-invisible.av-26omxz-20a37079eb05b8597c5d559d949ef2e0{\nheight:50px;\n}\n<\/style>\n<div  class='hr av-26omxz-20a37079eb05b8597c5d559d949ef2e0 hr-invisible  avia-builder-el-7  avia-builder-el-no-sibling '><span class='hr-inner '><span class=\"hr-inner-style\"><\/span><\/span><\/div><\/div><\/div><!--close column table wrapper. Autoclose: 1 -->\n<style type=\"text\/css\" data-created_by=\"avia_inline_auto\" id=\"style-css-av-21nf0v-ebec8f302d4c9c887f229d210845614a\">\n#top .hr.hr-invisible.av-21nf0v-ebec8f302d4c9c887f229d210845614a{\nheight:50px;\n}\n<\/style>\n<div  class='hr av-21nf0v-ebec8f302d4c9c887f229d210845614a hr-invisible  avia-builder-el-8  el_after_av_one_fifth  el_before_av_one_fifth '><span class='hr-inner '><span class=\"hr-inner-style\"><\/span><\/span><\/div>\n<div class='flex_column_table av-1x9qbr-785a2047d971c0a0cb030692e0c5241e sc-av_one_fifth av-equal-height-column-flextable'>\n<style type=\"text\/css\" data-created_by=\"avia_inline_auto\" id=\"style-css-av-1x9qbr-785a2047d971c0a0cb030692e0c5241e\">\n.flex_column.av-1x9qbr-785a2047d971c0a0cb030692e0c5241e{\n-webkit-border-radius:0px 0px 0px 0px;\n-moz-border-radius:0px 0px 0px 0px;\nborder-radius:0px 0px 0px 0px;\npadding:0px 0px 0px 0px;\nbackground-color:#ffffff;\n}\n<\/style>\n<div class='flex_column av-1x9qbr-785a2047d971c0a0cb030692e0c5241e av_one_fifth  avia-builder-el-9  el_after_av_hr  el_before_av_three_fifth  first flex_column_table_cell av-equal-height-column av-align-top av-zero-column-padding '     ><\/div><div class='av-flex-placeholder'><\/div>\n<style type=\"text\/css\" data-created_by=\"avia_inline_auto\" id=\"style-css-av-1objk7-ab11d46e6ae23dffce47d02abfe8d773\">\n.flex_column.av-1objk7-ab11d46e6ae23dffce47d02abfe8d773{\n-webkit-border-radius:0px 0px 0px 0px;\n-moz-border-radius:0px 0px 0px 0px;\nborder-radius:0px 0px 0px 0px;\npadding:0px 0px 0px 0px;\nbackground-color:#ffffff;\n}\n<\/style>\n<div class='flex_column av-1objk7-ab11d46e6ae23dffce47d02abfe8d773 av_three_fifth  avia-builder-el-10  el_after_av_one_fifth  el_before_av_one_fifth  flex_column_table_cell av-equal-height-column av-align-top av-zero-column-padding '     ><form action=\"https:\/\/www.atus-graz.com\/index.php\/der-verein-uebersicht\/mitglied-werden\/\" method=\"post\"  class=\"avia_ajax_form av-form-labels-visible   avia-builder-el-11  avia-builder-el-no-sibling   \" data-avia-form-id=\"1\" data-avia-redirect='' ><h3 class=''>Anmeldung<\/h3><fieldset><p class='  first_form  form_element form_fullwidth' id='element_avia_1_1'><label for=\"avia_1_1\"> W\u00e4hle aus unserem Sportangebot<\/label><select  name=\"avia_1_1\" class=\"select \" id=\"avia_1_1\"><option   value='Schwimmen'>Schwimmen<\/option><option   value='Turnen &amp; Gymnastik'>Turnen &amp; Gymnastik<\/option><option   value='Tischtennis'>Tischtennis<\/option><option   value='Moderner F\u00fcnfkampf'>Moderner F\u00fcnfkampf<\/option><\/select><\/p><p class='  first_form  form_element form_fullwidth' id='element_avia_2_1'><label for=\"avia_2_1\">F\u00fcr welche Altersgruppe suchst du Schnupperm\u00f6glichkeiten<\/label><select  name=\"avia_2_1\" class=\"select \" id=\"avia_2_1\"><option   value='Kinder'>Kinder<\/option><option   value='Erwachsene'>Erwachsene<\/option><option   value='Senioren'>Senioren<\/option><\/select><\/p><p class='  first_form  form_element form_fullwidth' id='element_avia_3_1'><label for=\"avia_3_1\">Name <abbr class=\"required\" title=\"ben\u00f6tigt\">*<\/abbr><\/label> <input name=\"avia_3_1\" class=\"text_input is_empty\" type=\"text\" id=\"avia_3_1\" value=\"\" \/><\/p><p class='  first_form  form_element form_fullwidth' id='element_avia_4_1'><label for=\"avia_4_1\">E-Mail <abbr class=\"required\" title=\"ben\u00f6tigt\">*<\/abbr><\/label> <input name=\"avia_4_1\" class=\"text_input is_email\" type=\"text\" id=\"avia_4_1\" value=\"\" \/><\/p><p class='  first_form  form_element form_fullwidth' id='element_avia_5_1'><label for=\"avia_5_1\">Telefon <abbr class=\"required\" title=\"ben\u00f6tigt\">*<\/abbr><\/label> <input name=\"avia_5_1\" class=\"text_input is_empty\" type=\"text\" id=\"avia_5_1\" value=\"\" \/><\/p><p class='  first_form  form_element form_fullwidth' id='element_avia_6_1'><label for=\"avia_6_1\" class=\"textare_label hidden textare_label_avia_6_1\">Nachricht<\/label><textarea  name=\"avia_6_1\" class=\"text_area \" cols=\"40\" rows=\"7\" id=\"avia_6_1\" ><\/textarea><\/p><p class='  first_form  form_element form_fullwidth av-last-visible-form-element' id='element_avia_7_1'><input  name=\"avia_7_1\" class=\"input_checkbox is_empty\" type=\"checkbox\" id=\"avia_7_1\" value=\"true\"\/><label class=\"input_checkbox_label\" for=\"avia_7_1\">Ich habe die Hinweise zum <a href=\"http:\/\/www.atus-graz.com\/index.php\/datenschutz\/&quot;\">Datenschutz<\/a> gelesen und akzeptiere diese.  <abbr class=\"required\" title=\"ben\u00f6tigt\">*<\/abbr><\/label><\/p><p class=\"hidden\"><input type=\"text\" name=\"avia_8_1\" class=\"hidden \" id=\"avia_8_1\" value=\"\" \/><\/p><p class=\"form_element \"><input type=\"hidden\" value=\"1\" name=\"avia_generated_form1\" \/><input type=\"submit\" value=\"Senden\" class=\"button\"  data-sending-label=\"Sende\"\/><\/p><\/fieldset><\/form><div id=\"ajaxresponse_1\" class=\"ajaxresponse ajaxresponse_1 hidden\"><\/div><\/div><div class='av-flex-placeholder'><\/div>\n<style type=\"text\/css\" data-created_by=\"avia_inline_auto\" id=\"style-css-av-h8upr-a2529f2ec9942619cff02401e1b512cf\">\n.flex_column.av-h8upr-a2529f2ec9942619cff02401e1b512cf{\n-webkit-border-radius:0px 0px 0px 0px;\n-moz-border-radius:0px 0px 0px 0px;\nborder-radius:0px 0px 0px 0px;\npadding:0px 0px 0px 0px;\nbackground-color:#ffffff;\n}\n<\/style>\n<div class='flex_column av-h8upr-a2529f2ec9942619cff02401e1b512cf av_one_fifth  avia-builder-el-12  el_after_av_three_fifth  avia-builder-el-last  flex_column_table_cell av-equal-height-column av-align-top av-zero-column-padding '     ><style type=\"text\/css\" data-created_by=\"avia_inline_auto\" id=\"style-css-av-avblj-89a7c8147e9907fae653760cc87a22c4\">\n#top .hr.hr-invisible.av-avblj-89a7c8147e9907fae653760cc87a22c4{\nheight:50px;\n}\n<\/style>\n<div  class='hr av-avblj-89a7c8147e9907fae653760cc87a22c4 hr-invisible  avia-builder-el-13  avia-builder-el-no-sibling '><span class='hr-inner '><span class=\"hr-inner-style\"><\/span><\/span><\/div><\/div><\/div><!--close column table wrapper. Autoclose: 1 --><\/div><\/div><\/div><!-- close content main div --><\/div><\/div><div id='after_section_2'  class='main_color av_default_container_wrap container_wrap sidebar_right'  ><div class='container av-section-cont-open' ><div class='template-page content  av-content-small alpha units'><div class='post-entry post-entry-type-page post-entry-527'><div class='entry-content-wrapper clearfix'>\n","protected":false},"excerpt":{"rendered":"","protected":false},"author":1,"featured_media":0,"parent":9,"menu_order":0,"comment_status":"closed","ping_status":"closed","template":"","meta":{"footnotes":""},"class_list":["post-527","page","type-page","status-publish","hentry"],"_links":{"self":[{"href":"https:\/\/www.atus-graz.com\/index.php\/wp-json\/wp\/v2\/pages\/527","targetHints":{"allow":["GET"]}}],"collection":[{"href":"https:\/\/www.atus-graz.com\/index.php\/wp-json\/wp\/v2\/pages"}],"about":[{"href":"https:\/\/www.atus-graz.com\/index.php\/wp-json\/wp\/v2\/types\/page"}],"author":[{"embeddable":true,"href":"https:\/\/www.atus-graz.com\/index.php\/wp-json\/wp\/v2\/users\/1"}],"replies":[{"embeddable":true,"href":"https:\/\/www.atus-graz.com\/index.php\/wp-json\/wp\/v2\/comments?post=527"}],"version-history":[{"count":6,"href":"https:\/\/www.atus-graz.com\/index.php\/wp-json\/wp\/v2\/pages\/527\/revisions"}],"predecessor-version":[{"id":1513,"href":"https:\/\/www.atus-graz.com\/index.php\/wp-json\/wp\/v2\/pages\/527\/revisions\/1513"}],"up":[{"embeddable":true,"href":"https:\/\/www.atus-graz.com\/index.php\/wp-json\/wp\/v2\/pages\/9"}],"wp:attachment":[{"href":"https:\/\/www.atus-graz.com\/index.php\/wp-json\/wp\/v2\/media?parent=527"}],"curies":[{"name":"wp","href":"https:\/\/api.w.org\/{rel}","templated":true}]}}