{"id":531,"date":"2018-01-19T12:19:51","date_gmt":"2018-01-19T11:19:51","guid":{"rendered":"http:\/\/neu.atus-graz.com\/?page_id=531"},"modified":"2025-03-20T16:56:23","modified_gmt":"2025-03-20T15:56:23","slug":"impressum","status":"publish","type":"page","link":"https:\/\/www.atus-graz.com\/index.php\/impressum\/","title":{"rendered":"IMPRESSUM"},"content":{"rendered":"\n<style type=\"text\/css\" data-created_by=\"avia_inline_auto\" id=\"style-css-av-1otuij-3a97fe3e16a269d948409bc68c086389\">\n.avia-section.av-1otuij-3a97fe3e16a269d948409bc68c086389{\nbackground-color:#000000;\nbackground-image:unset;\n}\n.avia-section.av-1otuij-3a97fe3e16a269d948409bc68c086389 .av-extra-border-element .av-extra-border-inner{\nbackground-color:#000000;\n}\n<\/style>\n<div id='av_section_1'  class='avia-section av-1otuij-3a97fe3e16a269d948409bc68c086389 main_color avia-section-default avia-no-border-styling  avia-builder-el-0  el_before_av_section  avia-builder-el-first  avia-bg-style-scroll av-arrow-down-section av-minimum-height av-minimum-height-custom  container_wrap sidebar_right'   data-av_minimum_height_px='430'><div class='container av-section-cont-open' style='height:430px'><main  role=\"main\" itemprop=\"mainContentOfPage\"  class='template-page content  av-content-small alpha units'><div class='post-entry post-entry-type-page post-entry-531'><div class='entry-content-wrapper clearfix'>\n\n<style type=\"text\/css\" data-created_by=\"avia_inline_auto\" id=\"style-css-av-5f8yj-592638581bd65a879aba9b0074c4223c\">\n#top .av-special-heading.av-5f8yj-592638581bd65a879aba9b0074c4223c{\npadding-bottom:40px;\ncolor:#ffffff;\nfont-size:42px;\n}\nbody .av-special-heading.av-5f8yj-592638581bd65a879aba9b0074c4223c .av-special-heading-tag .heading-char{\nfont-size:25px;\n}\n#top #wrap_all .av-special-heading.av-5f8yj-592638581bd65a879aba9b0074c4223c .av-special-heading-tag{\nfont-size:42px;\n}\n.av-special-heading.av-5f8yj-592638581bd65a879aba9b0074c4223c .special-heading-inner-border{\nborder-color:#ffffff;\n}\n.av-special-heading.av-5f8yj-592638581bd65a879aba9b0074c4223c .av-subheading{\nfont-size:20px;\n}\n\n@media only screen and (min-width: 480px) and (max-width: 767px){ \n#top #wrap_all .av-special-heading.av-5f8yj-592638581bd65a879aba9b0074c4223c .av-special-heading-tag{\nfont-size:0.8em;\n}\n}\n\n@media only screen and (max-width: 479px){ \n#top #wrap_all .av-special-heading.av-5f8yj-592638581bd65a879aba9b0074c4223c .av-special-heading-tag{\nfont-size:0.8em;\n}\n}\n<\/style>\n<div  class='av-special-heading av-5f8yj-592638581bd65a879aba9b0074c4223c av-special-heading-h2 custom-color-heading blockquote modern-quote  avia-builder-el-1  avia-builder-el-no-sibling  av-inherit-size'><h2 class='av-special-heading-tag'  itemprop=\"headline\"  >Impressum und Datenschutz<\/h2><div class=\"special-heading-border\"><div class=\"special-heading-inner-border\"><\/div><\/div><\/div>\n\n<\/div><\/div><\/main><!-- close content main element --><\/div><div class='av-extra-border-element border-extra-arrow-down'><div class='av-extra-border-outer'><div class='av-extra-border-inner'><\/div><\/div><\/div><\/div><div id='av_section_2'  class='avia-section av-1cv5vv-d444838714327295c8b886db0801227b main_color avia-section-default avia-no-border-styling  avia-builder-el-2  el_after_av_section  el_before_av_section  avia-bg-style-scroll container_wrap sidebar_right'  ><div class='container av-section-cont-open' ><div class='template-page content  av-content-small alpha units'><div class='post-entry post-entry-type-page post-entry-531'><div class='entry-content-wrapper clearfix'>\n<div class='flex_column_table av-1bc7hn-0f810c70e7b79268d9f08451fc8f627f sc-av_one_half av-equal-height-column-flextable'>\n<style type=\"text\/css\" data-created_by=\"avia_inline_auto\" id=\"style-css-av-1bc7hn-0f810c70e7b79268d9f08451fc8f627f\">\n.flex_column.av-1bc7hn-0f810c70e7b79268d9f08451fc8f627f{\n-webkit-border-radius:0px 0px 0px 0px;\n-moz-border-radius:0px 0px 0px 0px;\nborder-radius:0px 0px 0px 0px;\npadding:30px 30px 30px 30px;\nbackground-color:#f4f4f4;\n}\n<\/style>\n<div class='flex_column av-1bc7hn-0f810c70e7b79268d9f08451fc8f627f av_one_half  avia-builder-el-3  el_before_av_one_half  avia-builder-el-first  first flex_column_table_cell av-equal-height-column av-align-middle '     ><style type=\"text\/css\" data-created_by=\"avia_inline_auto\" id=\"style-css-av-14oo17-26dd7d7a732580662cb57e29e9feb4b0\">\n#top .av_textblock_section.av-14oo17-26dd7d7a732580662cb57e29e9feb4b0 .avia_textblock{\ncolor:#0a0a0a;\n}\n<\/style>\n<section  class='av_textblock_section av-14oo17-26dd7d7a732580662cb57e29e9feb4b0'  itemscope=\"itemscope\" itemtype=\"https:\/\/schema.org\/CreativeWork\" ><div class='avia_textblock av_inherit_color'  itemprop=\"text\" ><h3 style=\"text-align: left;\">Impressum<\/h3>\n<p>ATUS Graz (Arbeiter- Turn- und Sportverein Graz)<br \/>\nSchloss-Stra\u00dfe 20<br \/>\nA-8020 Graz<\/p>\n<p>E-Mail:\u00a0<a href=\"mailto:office@atus-graz.com\">office@atus-graz.com<br \/>\n<\/a><a href=\"http:\/\/www.atus-graz.com\/\" target=\"_blank\" rel=\"noopener\">www.atus-graz.com<br \/>\n<\/a><a href=\"http:\/\/www.facebook.com\/atusgraz\" target=\"_blank\" rel=\"noopener\">www.facebook.com\/atusgraz<\/a><\/p>\n<p>ZVR-Zahl 759790616<\/p>\n<p>Konzept, Design und Umsetzung der Website: Agentur KAMA. |\u00a0<a href=\"http:\/\/www.agentur-kama.at\/\" target=\"_blank\" rel=\"noopener noreferrer\">www.agentur-kama.at<\/a><\/p>\n<div style=\"text-align: center;\"><\/div>\n<\/div><\/section><\/div><div class='av-flex-placeholder'><\/div>\n<style type=\"text\/css\" data-created_by=\"avia_inline_auto\" id=\"style-css-av-vakqj-1e983b85772468184eb9613ac5f3c1de\">\n.flex_column.av-vakqj-1e983b85772468184eb9613ac5f3c1de{\n-webkit-border-radius:0px 0px 0px 0px;\n-moz-border-radius:0px 0px 0px 0px;\nborder-radius:0px 0px 0px 0px;\npadding:30px 30px 30px 30px;\nbackground-color:#f4f4f4;\n}\n<\/style>\n<div class='flex_column av-vakqj-1e983b85772468184eb9613ac5f3c1de av_one_half  avia-builder-el-5  el_after_av_one_half  avia-builder-el-last  flex_column_table_cell av-equal-height-column av-align-middle '     ><style type=\"text\/css\" data-created_by=\"avia_inline_auto\" id=\"style-css-av-rtvjf-e702a25119b9a45ca04c6e5b0291499e\">\n#top .av_textblock_section.av-rtvjf-e702a25119b9a45ca04c6e5b0291499e .avia_textblock{\ncolor:#0a0a0a;\n}\n<\/style>\n<section  class='av_textblock_section av-rtvjf-e702a25119b9a45ca04c6e5b0291499e'  itemscope=\"itemscope\" itemtype=\"https:\/\/schema.org\/CreativeWork\" ><div class='avia_textblock av_inherit_color'  itemprop=\"text\" ><h3 style=\"text-align: left;\">Bankverbindung<\/h3>\n<p>Raiffeisen Landesbank Steiermark<br \/>\nIBAN: AT23\u00a03800 0000 0560 2362<span id=\"umsaetzeFilterIban\"><br \/>\n<\/span>BIC: RZSTAT2G<\/p>\n<div style=\"text-align: center;\"><\/div>\n<\/div><\/section><\/div><\/div><!--close column table wrapper. Autoclose: 1 --><\/div><\/div><\/div><!-- close content main div --><\/div><\/div><div id='av_section_3'  class='avia-section av-n8h2b-b02d2daf1d896a90abe3e677228d1304 main_color avia-section-small avia-no-border-styling  avia-builder-el-7  el_after_av_section  avia-builder-el-last  avia-bg-style-scroll container_wrap sidebar_right'  ><div class='container av-section-cont-open' ><div class='template-page content  av-content-small alpha units'><div class='post-entry post-entry-type-page post-entry-531'><div class='entry-content-wrapper clearfix'>\n<div class='flex_column_table av-fhimj-c0c07b3f602baed853cf7e1519724291 sc-av_one_full av-equal-height-column-flextable'>\n<style type=\"text\/css\" data-created_by=\"avia_inline_auto\" id=\"style-css-av-fhimj-c0c07b3f602baed853cf7e1519724291\">\n.flex_column.av-fhimj-c0c07b3f602baed853cf7e1519724291{\n-webkit-border-radius:0px 0px 0px 0px;\n-moz-border-radius:0px 0px 0px 0px;\nborder-radius:0px 0px 0px 0px;\npadding:30px 30px 30px 30px;\nbackground-color:#f4f4f4;\n}\n<\/style>\n<div class='flex_column av-fhimj-c0c07b3f602baed853cf7e1519724291 av_one_full  avia-builder-el-8  avia-builder-el-no-sibling  first flex_column_table_cell av-equal-height-column av-align-middle '     ><style type=\"text\/css\" data-created_by=\"avia_inline_auto\" id=\"style-css-av-6txsz-c8b48fbb98657df2523e7d822ff8947c\">\n#top .av_textblock_section.av-6txsz-c8b48fbb98657df2523e7d822ff8947c .avia_textblock{\ncolor:#0a0a0a;\n}\n<\/style>\n<section  class='av_textblock_section av-6txsz-c8b48fbb98657df2523e7d822ff8947c'  itemscope=\"itemscope\" itemtype=\"https:\/\/schema.org\/CreativeWork\" ><div class='avia_textblock av_inherit_color'  itemprop=\"text\" ><h3>Grundlegende Richtung<\/h3>\n<p>Die Webseite beinhaltet Information zum Sportangebot sowie den sportlichen Leistungen unserer Mitglieder.<\/p>\n<h3>Haftungsausschluss \/ \u00a7 5 ECG<\/h3>\n<p>Der Verein und seine Autoren der Webseiten sind bestrebt, die hier angebotenen Informationen nach bestem Wissen und Gewissen vollst\u00e4ndig und richtig darzustellen und aktuell zu halten. F\u00fcr etwaige Sch\u00e4den kann der Verein keinerlei Haftung \u00fcbernehmen, welche sich aus der Nutzung der angebotenen Informationen ergeben k\u00f6nnen \u2013 auch wenn diese auf die Nutzung von allenfalls unvollst\u00e4ndigen bzw. fehlerhaften Informationen zur\u00fcckzuf\u00fchren sind.<\/p>\n<p>Verweise auf fremde Webseiten liegen au\u00dferhalb des Verantwortungsbereiches des Vereins. Eine Haftung f\u00fcr die Inhalte von verlinkten Seiten ist ausgeschlossen, zumal der Verein keinen Einfluss auf Inhalte wie Gestaltung von gelinkten Seiten hat. F\u00fcr Inhalte von Seiten, auf welche von Seiten dieser Webseiten verwiesen wird, haftet somit allein der Anbieter dieser fremden Webseiten \u2013 niemals jedoch derjenige, der durch einen Link auf fremde Publikationen und Inhalte verweist. Sollten gelinkte Seiten (insbesondere durch Ver\u00e4nderung der Inhalte nach dem Setzen des Links) illegale, fehlerhafte, unvollst\u00e4ndige, beleidigende oder sittenwidrige Informationen beinhalten und wird der Verein dieser Seite auf derartige Inhalte von gelinkten Seiten aufmerksam (gemacht), so wird er einen Link auf derartige Seiten unverz\u00fcglich unterbinden.<\/p>\n<h3>Urheberrecht<\/h3>\n<p>Die von den Autoren des Vereins selbst erstellten Inhalte (Texte und Bilder) dieser Seiten sind urheberrechtlich gesch\u00fctzt. Die Informationen sind nur f\u00fcr die pers\u00f6nliche Verwendung bestimmt. Jede den Bestimmungen des Urheberrechtsgesetzes widersprechende Verwendung jeglicher Inhalte dieser Webseiten \u2013 insbesondere die weitergehende Nutzung wie beispielsweise die Ver\u00f6ffentlichung, Vervielf\u00e4ltigung und jede Form von gewerblicher Nutzung sowie die Weitergabe an Dritte \u2013 auch in Teilen oder in \u00fcberarbeiteter Form \u2013 ohne ausdr\u00fcckliche Zustimmung des Vereins ist untersagt.<\/p>\n<div style=\"text-align: center;\"><\/div>\n<h3>Informationsinhalt<\/h3>\n<p>Die Informationen dieser Webseiten k\u00f6nnen ohne vorherige Ank\u00fcndigung ge\u00e4ndert, entfernt oder erg\u00e4nzt werden. Der Verein kann daher keine Garantie f\u00fcr die Korrektheit, Vollst\u00e4ndigkeit, Qualit\u00e4t oder Aktualit\u00e4t der bereitgestellten Informationen geben.<\/p>\n<h3>Datenschutz<\/h3>\n<p>Die detaillierten Datenschutzrichtlinien finden Sie <a href=\"http:\/\/www.atus-graz.com\/index.php\/datenschutz\/\">hier<\/a>.<\/p>\n<\/div><\/section><\/div><\/div><!--close column table wrapper. Autoclose: 1 -->\n<\/div><\/div><\/div><!-- close content main div --><\/div><\/div><div id='after_section_3'  class='main_color av_default_container_wrap container_wrap sidebar_right'  ><div class='container av-section-cont-open' ><div class='template-page content  av-content-small alpha units'><div class='post-entry post-entry-type-page post-entry-531'><div class='entry-content-wrapper clearfix'><\/p>\n","protected":false},"excerpt":{"rendered":"","protected":false},"author":1,"featured_media":0,"parent":0,"menu_order":0,"comment_status":"closed","ping_status":"closed","template":"","meta":{"footnotes":""},"class_list":["post-531","page","type-page","status-publish","hentry"],"_links":{"self":[{"href":"https:\/\/www.atus-graz.com\/index.php\/wp-json\/wp\/v2\/pages\/531","targetHints":{"allow":["GET"]}}],"collection":[{"href":"https:\/\/www.atus-graz.com\/index.php\/wp-json\/wp\/v2\/pages"}],"about":[{"href":"https:\/\/www.atus-graz.com\/index.php\/wp-json\/wp\/v2\/types\/page"}],"author":[{"embeddable":true,"href":"https:\/\/www.atus-graz.com\/index.php\/wp-json\/wp\/v2\/users\/1"}],"replies":[{"embeddable":true,"href":"https:\/\/www.atus-graz.com\/index.php\/wp-json\/wp\/v2\/comments?post=531"}],"version-history":[{"count":8,"href":"https:\/\/www.atus-graz.com\/index.php\/wp-json\/wp\/v2\/pages\/531\/revisions"}],"predecessor-version":[{"id":2362,"href":"https:\/\/www.atus-graz.com\/index.php\/wp-json\/wp\/v2\/pages\/531\/revisions\/2362"}],"wp:attachment":[{"href":"https:\/\/www.atus-graz.com\/index.php\/wp-json\/wp\/v2\/media?parent=531"}],"curies":[{"name":"wp","href":"https:\/\/api.w.org\/{rel}","templated":true}]}}