{"id":551,"date":"2018-01-19T12:23:27","date_gmt":"2018-01-19T11:23:27","guid":{"rendered":"http:\/\/neu.atus-graz.com\/?page_id=551"},"modified":"2025-10-17T13:18:18","modified_gmt":"2025-10-17T11:18:18","slug":"tischtennis","status":"publish","type":"page","link":"https:\/\/www.atus-graz.com\/index.php\/tischtennis\/","title":{"rendered":"TISCHTENNIS"},"content":{"rendered":"\n<style type=\"text\/css\" data-created_by=\"avia_inline_auto\" id=\"style-css-av-bj43j-ec78693aba93968f0a4a64cdddc3a345\">\n.avia-section.av-bj43j-ec78693aba93968f0a4a64cdddc3a345{\nbackground-color:#4f824e;\nbackground-image:url(https:\/\/www.atus-graz.com\/wp-content\/uploads\/2018\/01\/atus-ballsport.jpg);\nbackground-repeat:no-repeat;\nbackground-position:50% 100%;\nbackground-attachment:scroll;\n}\n<\/style>\n<div id='av_section_1'  class='avia-section av-bj43j-ec78693aba93968f0a4a64cdddc3a345 main_color avia-section-default avia-no-border-styling  avia-builder-el-0  el_before_av_section  avia-builder-el-first  avia-full-stretch avia-bg-style-scroll container_wrap sidebar_right'  data-section-bg-repeat='stretch'><div class='container av-section-cont-open' ><main  role=\"main\" itemprop=\"mainContentOfPage\"  class='template-page content  av-content-small alpha units'><div class='post-entry post-entry-type-page post-entry-551'><div class='entry-content-wrapper clearfix'>\n\n<style type=\"text\/css\" data-created_by=\"avia_inline_auto\" id=\"style-css-av-340rfr-12291c31a99ccff833bbff8c6e02966e\">\n#top .av-special-heading.av-340rfr-12291c31a99ccff833bbff8c6e02966e{\npadding-bottom:40px;\ncolor:#ffffff;\nfont-size:42px;\n}\nbody .av-special-heading.av-340rfr-12291c31a99ccff833bbff8c6e02966e .av-special-heading-tag .heading-char{\nfont-size:25px;\n}\n#top #wrap_all .av-special-heading.av-340rfr-12291c31a99ccff833bbff8c6e02966e .av-special-heading-tag{\nfont-size:42px;\n}\n.av-special-heading.av-340rfr-12291c31a99ccff833bbff8c6e02966e .special-heading-inner-border{\nborder-color:#ffffff;\n}\n.av-special-heading.av-340rfr-12291c31a99ccff833bbff8c6e02966e .av-subheading{\nfont-size:20px;\n}\n\n@media only screen and (min-width: 480px) and (max-width: 767px){ \n#top #wrap_all .av-special-heading.av-340rfr-12291c31a99ccff833bbff8c6e02966e .av-special-heading-tag{\nfont-size:0.8em;\n}\n}\n\n@media only screen and (max-width: 479px){ \n#top #wrap_all .av-special-heading.av-340rfr-12291c31a99ccff833bbff8c6e02966e .av-special-heading-tag{\nfont-size:0.8em;\n}\n}\n<\/style>\n<div  class='av-special-heading av-340rfr-12291c31a99ccff833bbff8c6e02966e av-special-heading-h2 custom-color-heading blockquote modern-quote  avia-builder-el-1  avia-builder-el-no-sibling  av-inherit-size'><h2 class='av-special-heading-tag'  itemprop=\"headline\"  >TISCHTENNIS<\/h2><div class='av_custom_color av-subheading av-subheading_below'><p>Trainingszeiten | Gruppen | Treffpunkt<\/p>\n<\/div><div class=\"special-heading-border\"><div class=\"special-heading-inner-border\"><\/div><\/div><\/div>\n\n<\/div><\/div><\/main><!-- close content main element --><\/div><\/div><div id='av_section_2'  class='avia-section av-2wiofz-65f8441628d3fb5475bb9399bb1bcf74 main_color avia-section-default avia-no-shadow  avia-builder-el-2  el_after_av_section  el_before_av_section  avia-bg-style-scroll container_wrap sidebar_right'  ><div class='container av-section-cont-open' ><div class='template-page content  av-content-small alpha units'><div class='post-entry post-entry-type-page post-entry-551'><div class='entry-content-wrapper clearfix'>\n<div class='flex_column_table av-2or0jj-f71eb64989aa1b66e034b9eb2c86f317 sc-av_three_fourth av-equal-height-column-flextable'>\n<style type=\"text\/css\" data-created_by=\"avia_inline_auto\" id=\"style-css-av-2or0jj-f71eb64989aa1b66e034b9eb2c86f317\">\n.flex_column.av-2or0jj-f71eb64989aa1b66e034b9eb2c86f317{\n-webkit-border-radius:0px 0px 0px 0px;\n-moz-border-radius:0px 0px 0px 0px;\nborder-radius:0px 0px 0px 0px;\npadding:30px 30px 30px 30px;\nbackground-color:#f4f4f4;\n}\n<\/style>\n<div class='flex_column av-2or0jj-f71eb64989aa1b66e034b9eb2c86f317 av_three_fourth  avia-builder-el-3  el_before_av_one_fourth  avia-builder-el-first  first flex_column_table_cell av-equal-height-column av-align-top '     ><style type=\"text\/css\" data-created_by=\"avia_inline_auto\" id=\"style-css-av-2lc8sf-a5d08c119391264a33aec9266fe26a87\">\n#top .av_textblock_section.av-2lc8sf-a5d08c119391264a33aec9266fe26a87 .avia_textblock{\ncolor:#0a0a0a;\n}\n<\/style>\n<section  class='av_textblock_section av-2lc8sf-a5d08c119391264a33aec9266fe26a87'  itemscope=\"itemscope\" itemtype=\"https:\/\/schema.org\/CreativeWork\" ><div class='avia_textblock av_inherit_color'  itemprop=\"text\" ><h3 style=\"text-align: left;\">Sektion Tischtennis<\/h3>\n<p><span style=\"font-size: 10pt;\">Tischtennis verbindet Spiel und Sport in einer einzigartigen Kombination. Es f\u00f6rdert das Konzentrationsverm\u00f6gen und die k\u00f6rperliche Fitness gleicherma\u00dfen und unterliegt keinen Altersbeschr\u00e4nkungen.<\/span><\/p>\n<p><span style=\"font-size: 10pt;\">Unsere Sektion Tischtennis bietet sowohl f\u00fcr Anf\u00e4nger:innen als auch fortgeschrittene Spieler:innen jedes Alters die M\u00f6glichkeit zu regelm\u00e4\u00dfigem Training bis hin zur Teilnahme am Meisterschaftsbetrieb des steirischen Tischtennisverbandes. Erfahrene Spieler:innen stehen dazu gerne f\u00fcr Trainingseinheiten zur Verf\u00fcgung und geben Tipps und Tricks f\u00fcr ein erfolgreiches Spiel.<\/span><\/p>\n<p><span style=\"font-size: 10pt;\">Unsere Trainingstage sind:<br \/>\nMontag von 16:00 Uhr bis 21:00 Uhr (Meisterschaft bis 22:00 Uhr)<br \/>\nDonnerstag von 16:00Uhr bis 21:00 Uhr (Meisterschaft bis 22:00 Uhr)<\/span><\/p>\n<div style=\"text-align: center;\"><\/div>\n<\/div><\/section><\/div><div class='av-flex-placeholder'><\/div>\n<style type=\"text\/css\" data-created_by=\"avia_inline_auto\" id=\"style-css-av-2gu553-d1684de5112a61a0f7809e2cf097ddbe\">\n.flex_column.av-2gu553-d1684de5112a61a0f7809e2cf097ddbe{\n-webkit-border-radius:0px 0px 0px 0px;\n-moz-border-radius:0px 0px 0px 0px;\nborder-radius:0px 0px 0px 0px;\npadding:30px 30px 30px 30px;\nbackground-color:#f4f4f4;\n}\n<\/style>\n<div class='flex_column av-2gu553-d1684de5112a61a0f7809e2cf097ddbe av_one_fourth  avia-builder-el-5  el_after_av_three_fourth  el_before_av_hr  flex_column_table_cell av-equal-height-column av-align-top '     ><style type=\"text\/css\" data-created_by=\"avia_inline_auto\" id=\"style-css-av-27nt5z-ccc95aaef849add64acc2f484a0522e5\">\n#top .av_textblock_section.av-27nt5z-ccc95aaef849add64acc2f484a0522e5 .avia_textblock{\ncolor:#0a0a0a;\n}\n<\/style>\n<section  class='av_textblock_section av-27nt5z-ccc95aaef849add64acc2f484a0522e5'  itemscope=\"itemscope\" itemtype=\"https:\/\/schema.org\/CreativeWork\" ><div class='avia_textblock av_inherit_color'  itemprop=\"text\" ><h3 style=\"text-align: left;\">Wo treffen wir uns?<\/h3>\n<p class=\"bodytext\"><strong>ASK\u00d6 Stadion Graz-Eggenberg<br \/>\n<\/strong>Schloss-Stra\u00dfe 20 | 8020 Graz<\/p>\n<div style=\"text-align: center;\"><\/div>\n<\/div><\/section><\/div><\/div><!--close column table wrapper. Autoclose: 1 -->\n<style type=\"text\/css\" data-created_by=\"avia_inline_auto\" id=\"style-css-av-23ka7j-6049a36733261f3b3ad081541ba5c94d\">\n#top .hr.hr-invisible.av-23ka7j-6049a36733261f3b3ad081541ba5c94d{\nheight:50px;\n}\n<\/style>\n<div  class='hr av-23ka7j-6049a36733261f3b3ad081541ba5c94d hr-invisible  avia-builder-el-7  el_after_av_one_fourth  el_before_av_one_full '><span class='hr-inner '><span class=\"hr-inner-style\"><\/span><\/span><\/div>\n\n<style type=\"text\/css\" data-created_by=\"avia_inline_auto\" id=\"style-css-av-1v2rr3-29f200ac5ad8f4079777625956ed2d24\">\n.flex_column.av-1v2rr3-29f200ac5ad8f4079777625956ed2d24{\n-webkit-border-radius:0px 0px 0px 0px;\n-moz-border-radius:0px 0px 0px 0px;\nborder-radius:0px 0px 0px 0px;\npadding:30px 30px 30px 30px;\nbackground-color:#f4f4f4;\n}\n<\/style>\n<div class='flex_column av-1v2rr3-29f200ac5ad8f4079777625956ed2d24 av_one_full  avia-builder-el-8  el_after_av_hr  avia-builder-el-last  first flex_column_div '     ><style type=\"text\/css\" data-created_by=\"avia_inline_auto\" id=\"style-css-av-1sioxr-82507f7d9eeb73ce865195f8cd99abdd\">\n#top .av_textblock_section.av-1sioxr-82507f7d9eeb73ce865195f8cd99abdd .avia_textblock{\ncolor:#0a0a0a;\n}\n<\/style>\n<section  class='av_textblock_section av-1sioxr-82507f7d9eeb73ce865195f8cd99abdd'  itemscope=\"itemscope\" itemtype=\"https:\/\/schema.org\/CreativeWork\" ><div class='avia_textblock av_inherit_color'  itemprop=\"text\" ><h3 style=\"text-align: left;\">Termine<\/h3>\n<div style=\"overflow-x: auto;\">\n<table frame=\"box\" rules=\"all\">\n<tbody>\n<tr>\n<td valign=\"top\" width=\"60\">MO<\/td>\n<td valign=\"top\" width=\"60\">DI<\/td>\n<td valign=\"top\" width=\"60\">MI<\/td>\n<td valign=\"top\" width=\"60\">DO<\/td>\n<td valign=\"top\" width=\"60\">FR<\/td>\n<\/tr>\n<tr>\n<td valign=\"top\" width=\"60\">\n<p style=\"text-align: center;\">16:00 &#8211; 21:00<\/p>\n<p style=\"text-align: center;\">alle Tische<\/p>\n<\/td>\n<td valign=\"top\" width=\"60\"><\/td>\n<td valign=\"top\" width=\"60\"><\/td>\n<td valign=\"top\" width=\"60\">\n<p style=\"text-align: center;\">16:00 &#8211; 21:00<\/p>\n<p style=\"text-align: center;\">alle Tische<\/p>\n<\/td>\n<td valign=\"top\" width=\"60\"><\/td>\n<\/tr>\n<\/tbody>\n<\/table>\n<\/div>\n<\/div><\/section><\/div>\n\n<\/div><\/div><\/div><!-- close content main div --><\/div><\/div>\n<style type=\"text\/css\" data-created_by=\"avia_inline_auto\" id=\"style-css-av-1m3ur3-f009ab39e4ad7902edef756116039e9e\">\n.avia-section.av-1m3ur3-f009ab39e4ad7902edef756116039e9e{\nbackground-color:#ffffff;\nbackground-image:unset;\n}\n<\/style>\n<div id='av_section_3'  class='avia-section av-1m3ur3-f009ab39e4ad7902edef756116039e9e main_color avia-section-default avia-no-shadow  avia-builder-el-10  el_after_av_section  avia-builder-el-last  avia-bg-style-scroll container_wrap sidebar_right'  ><div class='container av-section-cont-open' ><div class='template-page content  av-content-small alpha units'><div class='post-entry post-entry-type-page post-entry-551'><div class='entry-content-wrapper clearfix'>\n\n<style type=\"text\/css\" data-created_by=\"avia_inline_auto\" id=\"style-css-av-1g4g4f-c37c2ebfd617fb33c531e8254d3e74ca\">\n.flex_column.av-1g4g4f-c37c2ebfd617fb33c531e8254d3e74ca{\n-webkit-border-radius:0px 0px 0px 0px;\n-moz-border-radius:0px 0px 0px 0px;\nborder-radius:0px 0px 0px 0px;\npadding:30px 30px 30px 30px;\nbackground-color:#ffffff;\n}\n<\/style>\n<div class='flex_column av-1g4g4f-c37c2ebfd617fb33c531e8254d3e74ca av_three_fifth  avia-builder-el-11  el_before_av_two_fifth  avia-builder-el-first  first flex_column_div '     ><form action=\"https:\/\/www.atus-graz.com\/index.php\/tischtennis\/\" method=\"post\"  class=\"avia_ajax_form av-form-labels-visible   avia-builder-el-12  avia-builder-el-no-sibling   \" data-avia-form-id=\"1\" data-avia-redirect='' ><h3 class=''>ANFRAGE TISCHTENNIS<\/h3><fieldset><p class='  first_form  form_element form_fullwidth' id='element_avia_1_1'><label for=\"avia_1_1\">Name <abbr class=\"required\" title=\"ben\u00f6tigt\">*<\/abbr><\/label> <input name=\"avia_1_1\" class=\"text_input is_empty\" type=\"text\" id=\"avia_1_1\" value=\"\" \/><\/p><p class='  first_form  form_element form_fullwidth' id='element_avia_2_1'><label for=\"avia_2_1\">E-Mail <abbr class=\"required\" title=\"ben\u00f6tigt\">*<\/abbr><\/label> <input name=\"avia_2_1\" class=\"text_input is_email\" type=\"text\" id=\"avia_2_1\" value=\"\" \/><\/p><p class='  first_form  form_element form_fullwidth' id='element_avia_3_1'><label for=\"avia_3_1\">Betreff <abbr class=\"required\" title=\"ben\u00f6tigt\">*<\/abbr><\/label> <input name=\"avia_3_1\" class=\"text_input is_empty\" type=\"text\" id=\"avia_3_1\" value=\"\" \/><\/p><p class='  first_form  form_element form_fullwidth' id='element_avia_4_1'><label for=\"avia_4_1\" class=\"textare_label hidden textare_label_avia_4_1\">Nachricht <abbr class=\"required\" title=\"ben\u00f6tigt\">*<\/abbr><\/label><textarea  name=\"avia_4_1\" class=\"text_area is_empty\" cols=\"40\" rows=\"7\" id=\"avia_4_1\" ><\/textarea><\/p><p class='  first_form  form_element form_fullwidth av-last-visible-form-element' id='element_avia_5_1'><input  name=\"avia_5_1\" class=\"input_checkbox is_empty\" type=\"checkbox\" id=\"avia_5_1\" value=\"true\"\/><label class=\"input_checkbox_label\" for=\"avia_5_1\">Ich habe die Hinweise zum <a href=\"http:\/\/www.atus-graz.com\/index.php\/datenschutz\/&quot;\">Datenschutz<\/a> gelesen und akzeptiere diese.  <abbr class=\"required\" title=\"ben\u00f6tigt\">*<\/abbr><\/label><\/p><p class=\"hidden\"><input type=\"text\" name=\"avia_6_1\" class=\"hidden \" id=\"avia_6_1\" value=\"\" \/><\/p><p class=\"form_element \"><input type=\"hidden\" value=\"1\" name=\"avia_generated_form1\" \/><input type=\"submit\" value=\"Senden\" class=\"button\"  data-sending-label=\"Sende\"\/><\/p><\/fieldset><\/form><div id=\"ajaxresponse_1\" class=\"ajaxresponse ajaxresponse_1 hidden\"><\/div><\/div>\n<style type=\"text\/css\" data-created_by=\"avia_inline_auto\" id=\"style-css-av-eo387-578ee2d166e3bfdccb5010e6271d5ded\">\n.flex_column.av-eo387-578ee2d166e3bfdccb5010e6271d5ded{\n-webkit-border-radius:0px 0px 0px 0px;\n-moz-border-radius:0px 0px 0px 0px;\nborder-radius:0px 0px 0px 0px;\npadding:30px 30px 30px 30px;\nbackground-color:#ffffff;\n}\n<\/style>\n<div class='flex_column av-eo387-578ee2d166e3bfdccb5010e6271d5ded av_two_fifth  avia-builder-el-13  el_after_av_three_fifth  avia-builder-el-last  flex_column_div '     ><style type=\"text\/css\" data-created_by=\"avia_inline_auto\" id=\"style-css-av-bs8sv-7c1304b0b727df95a8ed2071dcd6c9e1\">\n#top .av_textblock_section.av-bs8sv-7c1304b0b727df95a8ed2071dcd6c9e1 .avia_textblock{\ncolor:#0a0a0a;\n}\n<\/style>\n<section  class='av_textblock_section av-bs8sv-7c1304b0b727df95a8ed2071dcd6c9e1'  itemscope=\"itemscope\" itemtype=\"https:\/\/schema.org\/CreativeWork\" ><div class='avia_textblock av_inherit_color'  itemprop=\"text\" ><h3 style=\"text-align: left;\">KONTAKT ATUS GRAZ<\/h3>\n<p>Sektionsleiter: Robert Scharlach<\/p>\n<p>E-Mail: <a href=\"mailto:office@atus-graz.com\">office@atus-graz.com<\/a><\/p>\n<div style=\"text-align: center;\"><\/div>\n<\/div><\/section><\/div><\/div><\/div><\/div><!-- close content main div --><\/div><\/div><div id='after_section_3'  class='main_color av_default_container_wrap container_wrap sidebar_right'  ><div class='container av-section-cont-open' ><div class='template-page content  av-content-small alpha units'><div class='post-entry post-entry-type-page post-entry-551'><div class='entry-content-wrapper clearfix'>\n","protected":false},"excerpt":{"rendered":"","protected":false},"author":1,"featured_media":0,"parent":0,"menu_order":0,"comment_status":"closed","ping_status":"closed","template":"","meta":{"footnotes":""},"class_list":["post-551","page","type-page","status-publish","hentry"],"_links":{"self":[{"href":"https:\/\/www.atus-graz.com\/index.php\/wp-json\/wp\/v2\/pages\/551","targetHints":{"allow":["GET"]}}],"collection":[{"href":"https:\/\/www.atus-graz.com\/index.php\/wp-json\/wp\/v2\/pages"}],"about":[{"href":"https:\/\/www.atus-graz.com\/index.php\/wp-json\/wp\/v2\/types\/page"}],"author":[{"embeddable":true,"href":"https:\/\/www.atus-graz.com\/index.php\/wp-json\/wp\/v2\/users\/1"}],"replies":[{"embeddable":true,"href":"https:\/\/www.atus-graz.com\/index.php\/wp-json\/wp\/v2\/comments?post=551"}],"version-history":[{"count":11,"href":"https:\/\/www.atus-graz.com\/index.php\/wp-json\/wp\/v2\/pages\/551\/revisions"}],"predecessor-version":[{"id":3025,"href":"https:\/\/www.atus-graz.com\/index.php\/wp-json\/wp\/v2\/pages\/551\/revisions\/3025"}],"wp:attachment":[{"href":"https:\/\/www.atus-graz.com\/index.php\/wp-json\/wp\/v2\/media?parent=551"}],"curies":[{"name":"wp","href":"https:\/\/api.w.org\/{rel}","templated":true}]}}