{"id":561,"date":"2018-01-19T12:25:28","date_gmt":"2018-01-19T11:25:28","guid":{"rendered":"http:\/\/neu.atus-graz.com\/?page_id=561"},"modified":"2025-10-18T12:16:01","modified_gmt":"2025-10-18T10:16:01","slug":"fit-sport","status":"publish","type":"page","link":"https:\/\/www.atus-graz.com\/index.php\/turnen-gymnastik\/turnen-gymnastik-erwachsene\/fit-sport\/","title":{"rendered":"FIT SPORT"},"content":{"rendered":"\n<style type=\"text\/css\" data-created_by=\"avia_inline_auto\" id=\"style-css-av-4e83uh-a2d73a5bf723c7626cfc5a8c16d05fdc\">\n.avia-section.av-4e83uh-a2d73a5bf723c7626cfc5a8c16d05fdc{\nbackground-color:#b99f7d;\nbackground-image:url(https:\/\/www.atus-graz.com\/wp-content\/uploads\/2018\/01\/atus-gymnastik3.jpg);\nbackground-repeat:no-repeat;\nbackground-position:50% 100%;\nbackground-attachment:scroll;\n}\n<\/style>\n<div id='av_section_1'  class='avia-section av-4e83uh-a2d73a5bf723c7626cfc5a8c16d05fdc main_color avia-section-default avia-no-border-styling  avia-builder-el-0  el_before_av_section  avia-builder-el-first  avia-full-stretch avia-bg-style-scroll container_wrap sidebar_right'  data-section-bg-repeat='stretch'><div class='container av-section-cont-open' ><main  role=\"main\" itemprop=\"mainContentOfPage\"  class='template-page content  av-content-small alpha units'><div class='post-entry post-entry-type-page post-entry-561'><div class='entry-content-wrapper clearfix'>\n\n<style type=\"text\/css\" data-created_by=\"avia_inline_auto\" id=\"style-css-av-48em6h-86653fc799def49ad396a070a09e2285\">\n#top .av-special-heading.av-48em6h-86653fc799def49ad396a070a09e2285{\npadding-bottom:40px;\ncolor:#ffffff;\nfont-size:42px;\n}\nbody .av-special-heading.av-48em6h-86653fc799def49ad396a070a09e2285 .av-special-heading-tag .heading-char{\nfont-size:25px;\n}\n#top #wrap_all .av-special-heading.av-48em6h-86653fc799def49ad396a070a09e2285 .av-special-heading-tag{\nfont-size:42px;\n}\n.av-special-heading.av-48em6h-86653fc799def49ad396a070a09e2285 .special-heading-inner-border{\nborder-color:#ffffff;\n}\n.av-special-heading.av-48em6h-86653fc799def49ad396a070a09e2285 .av-subheading{\nfont-size:20px;\n}\n\n@media only screen and (min-width: 480px) and (max-width: 767px){ \n#top #wrap_all .av-special-heading.av-48em6h-86653fc799def49ad396a070a09e2285 .av-special-heading-tag{\nfont-size:0.8em;\n}\n}\n\n@media only screen and (max-width: 479px){ \n#top #wrap_all .av-special-heading.av-48em6h-86653fc799def49ad396a070a09e2285 .av-special-heading-tag{\nfont-size:0.8em;\n}\n}\n<\/style>\n<div  class='av-special-heading av-48em6h-86653fc799def49ad396a070a09e2285 av-special-heading-h2 custom-color-heading blockquote modern-quote  avia-builder-el-1  avia-builder-el-no-sibling  av-inherit-size'><h2 class='av-special-heading-tag'  itemprop=\"headline\"  >TURNEN UND GYMNASTIK<\/h2><div class='av_custom_color av-subheading av-subheading_below'><p>F\u00dcR ERWACHSENE.<\/p>\n<\/div><div class=\"special-heading-border\"><div class=\"special-heading-inner-border\"><\/div><\/div><\/div>\n\n<\/div><\/div><\/main><!-- close content main element --><\/div><\/div><div id='av_section_2'  class='avia-section av-40aox5-9a9f1a7e649df2183d24d085e0601188 main_color avia-section-default avia-no-shadow  avia-builder-el-2  el_after_av_section  el_before_av_section  avia-bg-style-scroll container_wrap sidebar_right'  ><div class='container av-section-cont-open' ><div class='template-page content  av-content-small alpha units'><div class='post-entry post-entry-type-page post-entry-561'><div class='entry-content-wrapper clearfix'>\n<div  class='hr av-aledd-18d615be7d68ad454fba55b0e733c1a6 hr-default  avia-builder-el-3  el_before_av_two_third  avia-builder-el-first '><span class='hr-inner '><span class=\"hr-inner-style\"><\/span><\/span><\/div>\n<div class='flex_column_table av-3w73nd-71d71e76e8d84f7544d829da4094603c sc-av_two_third av-equal-height-column-flextable'>\n<style type=\"text\/css\" data-created_by=\"avia_inline_auto\" id=\"style-css-av-3w73nd-71d71e76e8d84f7544d829da4094603c\">\n.flex_column.av-3w73nd-71d71e76e8d84f7544d829da4094603c{\n-webkit-border-radius:0px 0px 0px 0px;\n-moz-border-radius:0px 0px 0px 0px;\nborder-radius:0px 0px 0px 0px;\npadding:30px 30px 30px 30px;\nbackground-color:#f4f4f4;\n}\n<\/style>\n<div class='flex_column av-3w73nd-71d71e76e8d84f7544d829da4094603c av_two_third  avia-builder-el-4  el_after_av_hr  el_before_av_one_third  first flex_column_table_cell av-equal-height-column av-align-top '     ><style type=\"text\/css\" data-created_by=\"avia_inline_auto\" id=\"style-css-av-3ovdtl-dbb1321ac1ae0e28acd49e5cbf3f522b\">\n#top .av_textblock_section.av-3ovdtl-dbb1321ac1ae0e28acd49e5cbf3f522b .avia_textblock{\ncolor:#0a0a0a;\n}\n<\/style>\n<section  class='av_textblock_section av-3ovdtl-dbb1321ac1ae0e28acd49e5cbf3f522b'  itemscope=\"itemscope\" itemtype=\"https:\/\/schema.org\/CreativeWork\" ><div class='avia_textblock av_inherit_color'  itemprop=\"text\" ><h3 style=\"text-align: center;\">Gemeinsam fit!<\/h3>\n<p align=\"center\"><strong><em>Sport<\/em><\/strong>\u00a0um abzunehmen und Fit zu bleiben\/werden<br \/>\n<strong><em>Sport<\/em><\/strong>\u00a0f\u00fcr Herz und Kreislauf<\/p>\n<p align=\"center\"><strong><em>Sport\u00a0<\/em><\/strong>f\u00fcr einen gesunden und sch\u00f6nen K\u00f6rper<br \/>\n<strong><em>Sport<\/em><\/strong>\u00a0zum Stressabbau<\/p>\n<p align=\"center\"><strong><em>Sport<\/em><\/strong>\u00a0um beweglich zu bleiben\/werden<br \/>\nMuskel aufbauen \u2013 Gewebe straffen<\/p>\n<p align=\"center\"><strong><em>Sport einfach um Spa\u00df zu haben<\/em><\/strong><\/p>\n<div style=\"text-align: center;\"><\/div>\n<\/div><\/section><\/div><div class='av-flex-placeholder'><\/div>\n<style type=\"text\/css\" data-created_by=\"avia_inline_auto\" id=\"style-css-av-d33jd-908e85ebbd01204edad5507a4f24ffcf\">\n.flex_column.av-d33jd-908e85ebbd01204edad5507a4f24ffcf{\n-webkit-border-radius:0px 0px 0px 0px;\n-moz-border-radius:0px 0px 0px 0px;\nborder-radius:0px 0px 0px 0px;\npadding:30px 30px 30px 30px;\nbackground-color:#f4f4f4;\n}\n<\/style>\n<div class='flex_column av-d33jd-908e85ebbd01204edad5507a4f24ffcf av_one_third  avia-builder-el-6  el_after_av_two_third  el_before_av_hr  flex_column_table_cell av-equal-height-column av-align-top '     ><style type=\"text\/css\" data-created_by=\"avia_inline_auto\" id=\"style-css-av-3f3idt-9fb6c3f3c9ca7e4651d8028927482cba\">\n#top .av_textblock_section.av-3f3idt-9fb6c3f3c9ca7e4651d8028927482cba .avia_textblock{\ncolor:#0a0a0a;\n}\n<\/style>\n<section  class='av_textblock_section av-3f3idt-9fb6c3f3c9ca7e4651d8028927482cba'  itemscope=\"itemscope\" itemtype=\"https:\/\/schema.org\/CreativeWork\" ><div class='avia_textblock av_inherit_color'  itemprop=\"text\" ><h3 style=\"text-align: left;\">Wo treffen wir uns?<\/h3>\n<p>Treffpunkt: VS J\u00e4gergrund \u2013 Turnsaal<\/p>\n<p>Lauftreff mit geschultem Lauftrainer<br \/>\nW\u00e4hrend der Sommermonate: Feliferhof am Steinberg<br \/>\nW\u00e4hrend der Wintermonate: Billa-Parkplatz Stra\u00dfgangerstra\u00dfe \/ Grottenhofstra\u00dfe<\/p>\n<p><span style=\"text-decoration: underline;\">Infos<\/span>:\u00a00650 7700424<\/p>\n<\/div><\/section><\/div><\/div><!--close column table wrapper. Autoclose: 1 -->\n<style type=\"text\/css\" data-created_by=\"avia_inline_auto\" id=\"style-css-av-37ghx5-b290efe06ff2ab87ff3d0291bda1cb75\">\n#top .hr.hr-invisible.av-37ghx5-b290efe06ff2ab87ff3d0291bda1cb75{\nheight:50px;\n}\n<\/style>\n<div  class='hr av-37ghx5-b290efe06ff2ab87ff3d0291bda1cb75 hr-invisible  avia-builder-el-8  el_after_av_one_third  el_before_av_one_full '><span class='hr-inner '><span class=\"hr-inner-style\"><\/span><\/span><\/div>\n\n<style type=\"text\/css\" data-created_by=\"avia_inline_auto\" id=\"style-css-av-34h1v5-b5774abf85474039a143858182faa087\">\n.flex_column.av-34h1v5-b5774abf85474039a143858182faa087{\n-webkit-border-radius:0px 0px 0px 0px;\n-moz-border-radius:0px 0px 0px 0px;\nborder-radius:0px 0px 0px 0px;\npadding:30px 30px 30px 30px;\nbackground-color:#f4f4f4;\n}\n<\/style>\n<div class='flex_column av-34h1v5-b5774abf85474039a143858182faa087 av_one_full  avia-builder-el-9  el_after_av_hr  el_before_av_hr  first flex_column_div '     ><style type=\"text\/css\" data-created_by=\"avia_inline_auto\" id=\"style-css-av-ao9rl-740902585e3c53eaa28148fcccca6215\">\n#top .av_textblock_section.av-ao9rl-740902585e3c53eaa28148fcccca6215 .avia_textblock{\ncolor:#0a0a0a;\n}\n<\/style>\n<section  class='av_textblock_section av-ao9rl-740902585e3c53eaa28148fcccca6215'  itemscope=\"itemscope\" itemtype=\"https:\/\/schema.org\/CreativeWork\" ><div class='avia_textblock av_inherit_color'  itemprop=\"text\" ><h3 style=\"text-align: left;\">Termine<\/h3>\n<div style=\"overflow-x: auto;\">\n<table frame=\"box\" rules=\"all\">\n<tbody>\n<tr>\n<td valign=\"top\" width=\"60\">MO<\/td>\n<td valign=\"top\" width=\"60\">DI<\/td>\n<td valign=\"top\" width=\"60\">MI<\/td>\n<td valign=\"top\" width=\"60\">DO<\/td>\n<td valign=\"top\" width=\"60\">FR<\/td>\n<\/tr>\n<tr>\n<td valign=\"top\" width=\"60\"><\/td>\n<td valign=\"top\" width=\"60\"><strong><em>Eltern-Kind-Turnen<\/em><\/strong><\/p>\n<p><strong>16:30 &#8211; 17:30 Uhr<\/strong><\/td>\n<td valign=\"top\" width=\"60\"><\/td>\n<td valign=\"top\" width=\"60\"><em><strong>F\u00fcr Damen: Fit bis ins hohe Alter!<\/strong><\/em><\/p>\n<p>Entspannung, Stretching, Beweglichkeit,<\/p>\n<p>Ausdauer und Kraft u.v.m.<\/p>\n<p><strong>16:30 &#8211; 17:30 Uhr<\/strong><\/td>\n<td valign=\"top\" width=\"60\"><\/td>\n<\/tr>\n<tr>\n<td valign=\"top\" width=\"60\"><strong><em>Kleine Wehwehchen werden weggeturnt!<\/em><\/strong><\/p>\n<p>Gezieltes Muskeltraining, Muskelaufbau, Haltungsschulung, Mobilisation, Dehnung<\/p>\n<p><strong>18:00 &#8211; 19:00 Uhr<\/strong><\/td>\n<td valign=\"top\" width=\"60\"><span style=\"font-size: inherit;\"><em><strong style=\"font-family: inherit;\">Lauftraining und Nordic Walking <\/strong><\/em><\/span><\/p>\n<p><strong style=\"font-family: inherit; font-size: inherit;\">18:00 &#8211; 19:00 Uhr<\/strong><\/td>\n<td valign=\"top\" width=\"60\"><\/td>\n<td valign=\"top\" width=\"60\"><a href=\"http:\/\/www.atus-graz.com\/wp-content\/uploads\/2018\/09\/Info-Faszien_Smovey-Workout.pdf\" target=\"_blank\" rel=\"noopener\"><em><strong>Faszien &#8211; Smovey &#8211; Workout<\/strong><\/em><\/a><\/p>\n<p><strong>18:00 &#8211; 19:00 Uhr<\/strong><\/p>\n<p><a href=\"http:\/\/www.atus-graz.com\/wp-content\/uploads\/2018\/09\/Info-Faszien_Smovey-Workout.pdf\" target=\"_blank\" rel=\"noopener\">&gt;Mehr Infos zum Kurs<\/a><\/td>\n<td valign=\"top\" width=\"60\"><strong style=\"font-style: italic;\">Volleyball f\u00fcr Erwachsene<\/strong><\/p>\n<p><strong>18:00 &#8211; 19:30 Uhr<\/strong><\/td>\n<\/tr>\n<tr>\n<td valign=\"top\" width=\"60\"><strong><em>F\u00fcr einen gesunden, straffen und sch\u00f6nen K\u00f6rper!<\/em><\/strong><\/p>\n<p>Konditionstraining, Ausdauer, Kraft, Beweglichkeit, Bodystyling, Stepp-Aerobic, Stretching, Bauch-Beine-Po, Herz-Kreislauf-Training, Entspannung u.v.m.<\/p>\n<p><strong>19:00 &#8211; 20:30 Uhr<\/strong><\/td>\n<td valign=\"top\" width=\"60\"><strong><em>Yoga &#8211;\u00a0<\/em><\/strong><strong><em>Harmonie f\u00fcr K\u00f6rper und Geist<\/em><\/strong><\/p>\n<p>Entspannung \u2013 Atem- und K\u00f6rper\u00fcbungen<\/p>\n<p><strong>19:00 &#8211; 20:15 Uhr<\/strong><\/td>\n<td valign=\"top\" width=\"60\"><strong><em>F\u00fcr Herren: Mit Fitness und Kondition zum Waschbrettbauch<\/em><\/strong><\/p>\n<p>Konditionstraining, Koordination, Herz-Kreislauf-Training, Stretching, Musikgymnastik, Cirkel-Training, Ballspiele, Entspannung u.v.m.<\/p>\n<p><strong>19:00 &#8211; 20:45 Uhr<\/strong><\/td>\n<td valign=\"top\" width=\"60\"><strong style=\"font-style: italic;\">Zirkeltraining<\/strong><\/p>\n<p><strong>19:15 &#8211; 20:15 Uhr<\/strong><\/td>\n<td valign=\"top\" width=\"60\"><\/td>\n<\/tr>\n<\/tbody>\n<\/table>\n<\/div>\n<\/div><\/section><\/div>\n<style type=\"text\/css\" data-created_by=\"avia_inline_auto\" id=\"style-css-av-2qfgh5-b3fb73e5d7f67b1374e596478c642601\">\n#top .hr.hr-invisible.av-2qfgh5-b3fb73e5d7f67b1374e596478c642601{\nheight:50px;\n}\n<\/style>\n<div  class='hr av-2qfgh5-b3fb73e5d7f67b1374e596478c642601 hr-invisible  avia-builder-el-11  el_after_av_one_full  el_before_av_one_third '><span class='hr-inner '><span class=\"hr-inner-style\"><\/span><\/span><\/div>\n<div class='flex_column_table av-2my8rd-c4b1a2ed89e4070d4117adaeb34b48b9 sc-av_one_third av-equal-height-column-flextable'>\n<style type=\"text\/css\" data-created_by=\"avia_inline_auto\" id=\"style-css-av-2my8rd-c4b1a2ed89e4070d4117adaeb34b48b9\">\n.flex_column.av-2my8rd-c4b1a2ed89e4070d4117adaeb34b48b9{\n-webkit-border-radius:0px 0px 0px 0px;\n-moz-border-radius:0px 0px 0px 0px;\nborder-radius:0px 0px 0px 0px;\npadding:30px 30px 30px 30px;\nbackground-color:#f4f4f4;\n}\n<\/style>\n<div class='flex_column av-2my8rd-c4b1a2ed89e4070d4117adaeb34b48b9 av_one_third  avia-builder-el-12  el_after_av_hr  el_before_av_one_third  first flex_column_table_cell av-equal-height-column av-align-top '     ><style type=\"text\/css\" data-created_by=\"avia_inline_auto\" id=\"style-css-av-2da6o1-340b11a12ac73e11848077656451bc72\">\n#top .av_textblock_section.av-2da6o1-340b11a12ac73e11848077656451bc72 .avia_textblock{\ncolor:#0a0a0a;\n}\n<\/style>\n<section  class='av_textblock_section av-2da6o1-340b11a12ac73e11848077656451bc72'  itemscope=\"itemscope\" itemtype=\"https:\/\/schema.org\/CreativeWork\" ><div class='avia_textblock av_inherit_color'  itemprop=\"text\" ><h3><b>Power Workout mit Smovey<\/b><\/h3>\n<p>Fitness-, Therapie- und Gesundheit. In diesen einen halben Kilo schweren Ringen steckt viel Schwung. Smoveys eignen sich zur Mobilisierung, Kr\u00e4ftigung und auch Entspannung des K\u00f6rpers.<\/p>\n<p style=\"text-align: left;\">Warum Smovey?<br \/>\n\u2022 Formt und strafft den ganzen K\u00f6rper<br \/>\n\u2022 Trainiert die Tiefenmuskulatur<br \/>\n\u2022 Strafft das Bindegewebe<br \/>\n\u2022 L\u00f6st Verspannungen<br \/>\n\u2022 St\u00e4rkt die R\u00fcckenmuskulatur<br \/>\n\u2022 Verbessert die Koordinationsf\u00e4higkeit<br \/>\n\u2022 Steigerung der Fitness<\/p>\n<p>(10er-Block: \u20ac 80,00 \/ f\u00fcr ATUS-Mitglieder \u20ac 40,00)<\/p>\n<\/div><\/section><\/div><div class='av-flex-placeholder'><\/div>\n<style type=\"text\/css\" data-created_by=\"avia_inline_auto\" id=\"style-css-av-29rvll-c57b86136310621596871ab4d3e56995\">\n.flex_column.av-29rvll-c57b86136310621596871ab4d3e56995{\n-webkit-border-radius:0px 0px 0px 0px;\n-moz-border-radius:0px 0px 0px 0px;\nborder-radius:0px 0px 0px 0px;\npadding:30px 30px 30px 30px;\nbackground-color:#f4f4f4;\n}\n<\/style>\n<div class='flex_column av-29rvll-c57b86136310621596871ab4d3e56995 av_one_third  avia-builder-el-14  el_after_av_one_third  el_before_av_one_third  flex_column_table_cell av-equal-height-column av-align-top '     ><style type=\"text\/css\" data-created_by=\"avia_inline_auto\" id=\"style-css-av-258wbd-46bc160f69b2e148a70b8e2ec44d3ab5\">\n#top .av_textblock_section.av-258wbd-46bc160f69b2e148a70b8e2ec44d3ab5 .avia_textblock{\ncolor:#0a0a0a;\n}\n<\/style>\n<section  class='av_textblock_section av-258wbd-46bc160f69b2e148a70b8e2ec44d3ab5'  itemscope=\"itemscope\" itemtype=\"https:\/\/schema.org\/CreativeWork\" ><div class='avia_textblock av_inherit_color'  itemprop=\"text\" ><h3><b><strong><em>Yoga \u2013\u00a0<\/em><\/strong><strong><em>Harmonie f\u00fcr K\u00f6rper und Geist<\/em><\/strong><br \/>\n<\/b><\/h3>\n<p style=\"text-align: left;\">Warum Yoga?<br \/>\n\u2022 Mehr Beweglichkeit, Vitalit\u00e4t und Kraft<br \/>\n\u2022 Geringere Anf\u00e4lligkeit von Krankheiten<br \/>\n\u2022 Abbau von Verspannungen und Schmerzen<br \/>\n\u2022 Gesundheit und innere Ausgeglichenheit<br \/>\n\u2022 Mehr Selbstbewusstsein, Sicherheit und Selbstvertrauen<br \/>\n\u2022 Lebensfreude und Wohlbefinden<br \/>\n\u2022 Aufschub oder Vermeidung der \u00fcblichen Altersbeschwerden<br \/>\n\u2022 Lebensqualit\u00e4t und geistige Flexibilit\u00e4t bis ins hohe Alter<br \/>\n\u2022 Innere Ruhe<\/p>\n<p>Gleichg\u00fcltig in welchem Alter oder wie fit jemand ist; jeder kann mit Yoga beginnen.<\/p>\n<\/div><\/section><\/div><div class='av-flex-placeholder'><\/div>\n<style type=\"text\/css\" data-created_by=\"avia_inline_auto\" id=\"style-css-av-1wuasp-269a30028857a128941a9ca0dde844a6\">\n.flex_column.av-1wuasp-269a30028857a128941a9ca0dde844a6{\n-webkit-border-radius:0px 0px 0px 0px;\n-moz-border-radius:0px 0px 0px 0px;\nborder-radius:0px 0px 0px 0px;\npadding:30px 30px 30px 30px;\nbackground-color:#f4f4f4;\n}\n<\/style>\n<div class='flex_column av-1wuasp-269a30028857a128941a9ca0dde844a6 av_one_third  avia-builder-el-16  el_after_av_one_third  avia-builder-el-last  flex_column_table_cell av-equal-height-column av-align-top '     ><style type=\"text\/css\" data-created_by=\"avia_inline_auto\" id=\"style-css-av-1t2mjd-afa3482003e6bc5a343016e8071d53af\">\n#top .av_textblock_section.av-1t2mjd-afa3482003e6bc5a343016e8071d53af .avia_textblock{\ncolor:#0a0a0a;\n}\n<\/style>\n<section  class='av_textblock_section av-1t2mjd-afa3482003e6bc5a343016e8071d53af'  itemscope=\"itemscope\" itemtype=\"https:\/\/schema.org\/CreativeWork\" ><div class='avia_textblock av_inherit_color'  itemprop=\"text\" ><h3 style=\"text-align: left;\">Mitmachen?<\/h3>\n<p style=\"text-align: left;\"><strong>Jahresbeitrag\u00a0<\/strong><strong>oder 10er Block<\/strong><\/p>\n<p style=\"text-align: left;\"><strong>1 x Schnuppern gratis!\u00a0<\/strong><\/p>\n<p style=\"text-align: left;\">Infos: Waltraud Herschold<br \/>\n+43 650 77 00 424 | <a href=\"mailto:fit@atus-graz.com\">fit@atus-graz.com<\/a><\/p>\n<div><\/div>\n<\/div><\/section><br \/>\n\n<style type=\"text\/css\" data-created_by=\"avia_inline_auto\" id=\"style-css-av-k2043gu0-066d9c8f9bb33e8e9c67b4e38d18678b\">\n#top .hr.hr-invisible.av-k2043gu0-066d9c8f9bb33e8e9c67b4e38d18678b{\nheight:20px;\n}\n<\/style>\n<div  class='hr av-k2043gu0-066d9c8f9bb33e8e9c67b4e38d18678b hr-invisible  avia-builder-el-18  el_after_av_textblock  el_before_av_image '><span class='hr-inner '><span class=\"hr-inner-style\"><\/span><\/span><\/div><br \/>\n\n<style type=\"text\/css\" data-created_by=\"avia_inline_auto\" id=\"style-css-av-k203w44h-6ffc6dc2d845a48f7d6d8a2d0b140c52\">\n.avia-image-container.av-k203w44h-6ffc6dc2d845a48f7d6d8a2d0b140c52 img.avia_image{\nbox-shadow:none;\n}\n.avia-image-container.av-k203w44h-6ffc6dc2d845a48f7d6d8a2d0b140c52 .av-image-caption-overlay-center{\ncolor:#ffffff;\n}\n<\/style>\n<div  class='avia-image-container av-k203w44h-6ffc6dc2d845a48f7d6d8a2d0b140c52 av-styling-no-styling avia-align-left  avia-builder-el-19  el_after_av_hr  avia-builder-el-last '   itemprop=\"image\" itemscope=\"itemscope\" itemtype=\"https:\/\/schema.org\/ImageObject\" ><div class=\"avia-image-container-inner\"><div class=\"avia-image-overlay-wrap\"><img class='wp-image-1781 avia-img-lazy-loading-not-1781 avia_image ' src='https:\/\/www.atus-graz.com\/wp-content\/uploads\/2019\/10\/Qualitaetssiegel-Logo-web-200X195.png' alt='' title='Qualitaetssiegel-Logo-web-200X195'  height=\"195\" width=\"200\"  itemprop=\"thumbnailUrl\"  \/><\/div><\/div><\/div><\/p><\/div><\/div><!--close column table wrapper. Autoclose: 1 --><\/div><\/div><\/div><!-- close content main div --><\/div><\/div>\n<style type=\"text\/css\" data-created_by=\"avia_inline_auto\" id=\"style-css-av-1jb8uh-c211ddc9c5b4ba148dcde3a355d7b1e2\">\n.avia-section.av-1jb8uh-c211ddc9c5b4ba148dcde3a355d7b1e2{\nbackground-color:#ffffff;\nbackground-image:unset;\n}\n<\/style>\n<div id='av_section_3'  class='avia-section av-1jb8uh-c211ddc9c5b4ba148dcde3a355d7b1e2 main_color avia-section-default avia-no-shadow  avia-builder-el-20  el_after_av_section  avia-builder-el-last  avia-bg-style-scroll container_wrap sidebar_right'  ><div class='container av-section-cont-open' ><div class='template-page content  av-content-small alpha units'><div class='post-entry post-entry-type-page post-entry-561'><div class='entry-content-wrapper clearfix'>\n\n<style type=\"text\/css\" data-created_by=\"avia_inline_auto\" id=\"style-css-av-1gnf01-d13b57100a14ffc168e02890fbbe7777\">\n.flex_column.av-1gnf01-d13b57100a14ffc168e02890fbbe7777{\n-webkit-border-radius:0px 0px 0px 0px;\n-moz-border-radius:0px 0px 0px 0px;\nborder-radius:0px 0px 0px 0px;\npadding:30px 30px 30px 30px;\nbackground-color:#ffffff;\n}\n<\/style>\n<div class='flex_column av-1gnf01-d13b57100a14ffc168e02890fbbe7777 av_three_fifth  avia-builder-el-21  el_before_av_two_fifth  avia-builder-el-first  first flex_column_div '     ><form action=\"https:\/\/www.atus-graz.com\/index.php\/turnen-gymnastik\/turnen-gymnastik-erwachsene\/fit-sport\/\" method=\"post\"  class=\"avia_ajax_form av-form-labels-visible   avia-builder-el-22  avia-builder-el-no-sibling   \" data-avia-form-id=\"1\" data-avia-redirect='' ><h3 class=''>ANFRAGE FIT GRAZ<\/h3><fieldset><p class='  first_form  form_element form_fullwidth' id='element_avia_1_1'><label for=\"avia_1_1\">Name <abbr class=\"required\" title=\"ben\u00f6tigt\">*<\/abbr><\/label> <input name=\"avia_1_1\" class=\"text_input is_empty\" type=\"text\" id=\"avia_1_1\" value=\"\" \/><\/p><p class='  first_form  form_element form_fullwidth' id='element_avia_2_1'><label for=\"avia_2_1\">E-Mail <abbr class=\"required\" title=\"ben\u00f6tigt\">*<\/abbr><\/label> <input name=\"avia_2_1\" class=\"text_input is_email\" type=\"text\" id=\"avia_2_1\" value=\"\" \/><\/p><p class='  first_form  form_element form_fullwidth' id='element_avia_3_1'><label for=\"avia_3_1\">Betreff <abbr class=\"required\" title=\"ben\u00f6tigt\">*<\/abbr><\/label> <input name=\"avia_3_1\" class=\"text_input is_empty\" type=\"text\" id=\"avia_3_1\" value=\"\" \/><\/p><p class='  first_form  form_element form_fullwidth' id='element_avia_4_1'><label for=\"avia_4_1\" class=\"textare_label hidden textare_label_avia_4_1\">Nachricht <abbr class=\"required\" title=\"ben\u00f6tigt\">*<\/abbr><\/label><textarea  name=\"avia_4_1\" class=\"text_area is_empty\" cols=\"40\" rows=\"7\" id=\"avia_4_1\" ><\/textarea><\/p><p class='  first_form  form_element form_fullwidth av-last-visible-form-element' id='element_avia_5_1'><input  name=\"avia_5_1\" class=\"input_checkbox is_empty\" type=\"checkbox\" id=\"avia_5_1\" value=\"true\"\/><label class=\"input_checkbox_label\" for=\"avia_5_1\">Ich habe die Hinweise zum <a href=\"http:\/\/www.atus-graz.com\/index.php\/datenschutz\/&quot;\">Datenschutz<\/a> gelesen und akzeptiere diese.  <abbr class=\"required\" title=\"ben\u00f6tigt\">*<\/abbr><\/label><\/p><p class=\"hidden\"><input type=\"text\" name=\"avia_6_1\" class=\"hidden \" id=\"avia_6_1\" value=\"\" \/><\/p><p class=\"form_element \"><input type=\"hidden\" value=\"1\" name=\"avia_generated_form1\" \/><input type=\"submit\" value=\"Senden\" class=\"button\"  data-sending-label=\"Sende\"\/><\/p><\/fieldset><\/form><div id=\"ajaxresponse_1\" class=\"ajaxresponse ajaxresponse_1 hidden\"><\/div><\/div>\n<style type=\"text\/css\" data-created_by=\"avia_inline_auto\" id=\"style-css-av-h3lp5-1bfc03a26c4ab4963d8311d950a860c2\">\n.flex_column.av-h3lp5-1bfc03a26c4ab4963d8311d950a860c2{\n-webkit-border-radius:0px 0px 0px 0px;\n-moz-border-radius:0px 0px 0px 0px;\nborder-radius:0px 0px 0px 0px;\npadding:30px 30px 30px 30px;\nbackground-color:#ffffff;\n}\n<\/style>\n<div class='flex_column av-h3lp5-1bfc03a26c4ab4963d8311d950a860c2 av_two_fifth  avia-builder-el-23  el_after_av_three_fifth  avia-builder-el-last  flex_column_div '     ><style type=\"text\/css\" data-created_by=\"avia_inline_auto\" id=\"style-css-av-8fupd-2331d95ce9912e9efe9dde4a2ff2cbb0\">\n#top .av_textblock_section.av-8fupd-2331d95ce9912e9efe9dde4a2ff2cbb0 .avia_textblock{\ncolor:#0a0a0a;\n}\n<\/style>\n<section  class='av_textblock_section av-8fupd-2331d95ce9912e9efe9dde4a2ff2cbb0'  itemscope=\"itemscope\" itemtype=\"https:\/\/schema.org\/CreativeWork\" ><div class='avia_textblock av_inherit_color'  itemprop=\"text\" ><h3>KONTAKT ATUS GRAZ &#8211; SEKTION FIT<\/h3>\n<p>Waltraud Herschold<\/p>\n<p>Telefon:\u00a00650 \/ 7700424<\/p>\n<p>E-Mail:\u00a0<a href=\"mailto:fit@atus-graz.com\">fit@atus-graz.com<\/a><\/p>\n<div style=\"text-align: center;\"><\/div>\n<\/div><\/section><\/div>\n<\/div><\/div><\/div><!-- close content main div --><\/div><\/div><div id='after_section_3'  class='main_color av_default_container_wrap container_wrap sidebar_right'  ><div class='container av-section-cont-open' ><div class='template-page content  av-content-small alpha units'><div class='post-entry post-entry-type-page post-entry-561'><div class='entry-content-wrapper clearfix'><\/p>\n","protected":false},"excerpt":{"rendered":"","protected":false},"author":1,"featured_media":0,"parent":557,"menu_order":0,"comment_status":"closed","ping_status":"closed","template":"","meta":{"footnotes":""},"class_list":["post-561","page","type-page","status-publish","hentry"],"_links":{"self":[{"href":"https:\/\/www.atus-graz.com\/index.php\/wp-json\/wp\/v2\/pages\/561","targetHints":{"allow":["GET"]}}],"collection":[{"href":"https:\/\/www.atus-graz.com\/index.php\/wp-json\/wp\/v2\/pages"}],"about":[{"href":"https:\/\/www.atus-graz.com\/index.php\/wp-json\/wp\/v2\/types\/page"}],"author":[{"embeddable":true,"href":"https:\/\/www.atus-graz.com\/index.php\/wp-json\/wp\/v2\/users\/1"}],"replies":[{"embeddable":true,"href":"https:\/\/www.atus-graz.com\/index.php\/wp-json\/wp\/v2\/comments?post=561"}],"version-history":[{"count":30,"href":"https:\/\/www.atus-graz.com\/index.php\/wp-json\/wp\/v2\/pages\/561\/revisions"}],"predecessor-version":[{"id":3064,"href":"https:\/\/www.atus-graz.com\/index.php\/wp-json\/wp\/v2\/pages\/561\/revisions\/3064"}],"up":[{"embeddable":true,"href":"https:\/\/www.atus-graz.com\/index.php\/wp-json\/wp\/v2\/pages\/557"}],"wp:attachment":[{"href":"https:\/\/www.atus-graz.com\/index.php\/wp-json\/wp\/v2\/media?parent=561"}],"curies":[{"name":"wp","href":"https:\/\/api.w.org\/{rel}","templated":true}]}}