{"id":567,"date":"2018-01-19T12:26:26","date_gmt":"2018-01-19T11:26:26","guid":{"rendered":"http:\/\/neu.atus-graz.com\/?page_id=567"},"modified":"2025-04-29T18:49:44","modified_gmt":"2025-04-29T16:49:44","slug":"turnen-gymnastik-kinder","status":"publish","type":"page","link":"https:\/\/www.atus-graz.com\/index.php\/turnen-gymnastik\/turnen-gymnastik-kinder\/","title":{"rendered":"TURNEN &#038; GYMNASTIK KINDER"},"content":{"rendered":"\n<style type=\"text\/css\" data-created_by=\"avia_inline_auto\" id=\"style-css-av-4dg7zr-4c536076a871daa89fb92e047b82f771\">\n.avia-section.av-4dg7zr-4c536076a871daa89fb92e047b82f771{\nbackground-color:#b99f7d;\nbackground-image:url(https:\/\/www.atus-graz.com\/wp-content\/uploads\/2018\/01\/atus-gymnastik3.jpg);\nbackground-repeat:no-repeat;\nbackground-position:50% 100%;\nbackground-attachment:scroll;\n}\n<\/style>\n<div id='av_section_1'  class='avia-section av-4dg7zr-4c536076a871daa89fb92e047b82f771 main_color avia-section-default avia-no-border-styling  avia-builder-el-0  el_before_av_section  avia-builder-el-first  avia-full-stretch avia-bg-style-scroll container_wrap sidebar_right'  data-section-bg-repeat='stretch'><div class='container av-section-cont-open' ><main  role=\"main\" itemprop=\"mainContentOfPage\"  class='template-page content  av-content-small alpha units'><div class='post-entry post-entry-type-page post-entry-567'><div class='entry-content-wrapper clearfix'>\n\n<style type=\"text\/css\" data-created_by=\"avia_inline_auto\" id=\"style-css-av-49grn3-f99148023e23af8165bf0a1014b7b1e2\">\n#top .av-special-heading.av-49grn3-f99148023e23af8165bf0a1014b7b1e2{\npadding-bottom:40px;\ncolor:#ffffff;\nfont-size:42px;\n}\nbody .av-special-heading.av-49grn3-f99148023e23af8165bf0a1014b7b1e2 .av-special-heading-tag .heading-char{\nfont-size:25px;\n}\n#top #wrap_all .av-special-heading.av-49grn3-f99148023e23af8165bf0a1014b7b1e2 .av-special-heading-tag{\nfont-size:42px;\n}\n.av-special-heading.av-49grn3-f99148023e23af8165bf0a1014b7b1e2 .special-heading-inner-border{\nborder-color:#ffffff;\n}\n.av-special-heading.av-49grn3-f99148023e23af8165bf0a1014b7b1e2 .av-subheading{\nfont-size:20px;\n}\n\n@media only screen and (min-width: 480px) and (max-width: 767px){ \n#top #wrap_all .av-special-heading.av-49grn3-f99148023e23af8165bf0a1014b7b1e2 .av-special-heading-tag{\nfont-size:0.8em;\n}\n}\n\n@media only screen and (max-width: 479px){ \n#top #wrap_all .av-special-heading.av-49grn3-f99148023e23af8165bf0a1014b7b1e2 .av-special-heading-tag{\nfont-size:0.8em;\n}\n}\n<\/style>\n<div  class='av-special-heading av-49grn3-f99148023e23af8165bf0a1014b7b1e2 av-special-heading-h2 custom-color-heading blockquote modern-quote  avia-builder-el-1  avia-builder-el-no-sibling  av-inherit-size'><h2 class='av-special-heading-tag'  itemprop=\"headline\"  >TURNEN UND GYMNASTIK<\/h2><div class='av_custom_color av-subheading av-subheading_below'><p>F\u00dcR KINDER.<\/p>\n<\/div><div class=\"special-heading-border\"><div class=\"special-heading-inner-border\"><\/div><\/div><\/div>\n\n<\/div><\/div><\/main><!-- close content main element --><\/div><\/div><div id='av_section_2'  class='avia-section av-42rigf-02057a1775a7c3c04be4044831b29c22 main_color avia-section-default avia-no-shadow  avia-builder-el-2  el_after_av_section  el_before_av_section  avia-bg-style-scroll container_wrap sidebar_right'  ><div class='container av-section-cont-open' ><div class='template-page content  av-content-small alpha units'><div class='post-entry post-entry-type-page post-entry-567'><div class='entry-content-wrapper clearfix'>\n<div class='flex_column_table av-3vkt6n-3ab207534114a99a1f29bca92ab2dffc sc-av_three_fourth av-equal-height-column-flextable'>\n<style type=\"text\/css\" data-created_by=\"avia_inline_auto\" id=\"style-css-av-3vkt6n-3ab207534114a99a1f29bca92ab2dffc\">\n.flex_column.av-3vkt6n-3ab207534114a99a1f29bca92ab2dffc{\n-webkit-border-radius:0px 0px 0px 0px;\n-moz-border-radius:0px 0px 0px 0px;\nborder-radius:0px 0px 0px 0px;\npadding:30px 30px 30px 30px;\nbackground-color:#f4f4f4;\n}\n<\/style>\n<div class='flex_column av-3vkt6n-3ab207534114a99a1f29bca92ab2dffc av_three_fourth  avia-builder-el-3  el_before_av_one_fourth  avia-builder-el-first  first flex_column_table_cell av-equal-height-column av-align-top '     ><style type=\"text\/css\" data-created_by=\"avia_inline_auto\" id=\"style-css-av-3sgkaf-dd6e38e99b9ad8879040871f25779e38\">\n#top .av_textblock_section.av-3sgkaf-dd6e38e99b9ad8879040871f25779e38 .avia_textblock{\ncolor:#0a0a0a;\n}\n<\/style>\n<section  class='av_textblock_section av-3sgkaf-dd6e38e99b9ad8879040871f25779e38'  itemscope=\"itemscope\" itemtype=\"https:\/\/schema.org\/CreativeWork\" ><div class='avia_textblock av_inherit_color'  itemprop=\"text\" ><h3>Viel Bewegung macht Kinder schlau.<\/h3>\n<p>Dies ist das Ergebnis einer Studie der Sporthochschule K\u00f6ln. Von den knapp 570 untersuchten Kindern im Alter von f\u00fcnf bis neun Jahren schnitten bei Konzentrationstests diejenigen besser ab, die sich auch viel bewegen. Grund: Kinder lernen die Welt \u00fcber Bewegungen, dabei entwickelt sich nicht nur die Koordination, sondern auch das Denken.<\/p>\n<p>Eine weitere Studie befasste sich mit der K\u00f6rperhaltung unserer Kinder mit folgendem Ergebnis:<\/p>\n<p>Kinder 6\/7 Jahre: 51 % Haltungsschw\u00e4chen und 1 % Haltungssch\u00e4den<\/p>\n<p>Kinder 8\/9 Jahre: 49 % Haltungssch\u00e4den und 16% Haltungsschw\u00e4chen<\/p>\n<p><strong><em>\u2026das sollte uns doch zu denken geben!<\/em><\/strong><\/p>\n<div style=\"text-align: center;\"><\/div>\n<\/div><\/section><\/div><div class='av-flex-placeholder'><\/div>\n<style type=\"text\/css\" data-created_by=\"avia_inline_auto\" id=\"style-css-av-3lo09z-4d51b5dc503e9b70b787eaaf003b61e7\">\n.flex_column.av-3lo09z-4d51b5dc503e9b70b787eaaf003b61e7{\n-webkit-border-radius:0px 0px 0px 0px;\n-moz-border-radius:0px 0px 0px 0px;\nborder-radius:0px 0px 0px 0px;\npadding:30px 30px 30px 30px;\nbackground-color:#f4f4f4;\n}\n<\/style>\n<div class='flex_column av-3lo09z-4d51b5dc503e9b70b787eaaf003b61e7 av_one_fourth  avia-builder-el-5  el_after_av_three_fourth  el_before_av_hr  flex_column_table_cell av-equal-height-column av-align-top '     ><style type=\"text\/css\" data-created_by=\"avia_inline_auto\" id=\"style-css-av-3ee1pz-e756409589fa1e61e0129a8d60199787\">\n#top .av_textblock_section.av-3ee1pz-e756409589fa1e61e0129a8d60199787 .avia_textblock{\ncolor:#0a0a0a;\n}\n<\/style>\n<section  class='av_textblock_section av-3ee1pz-e756409589fa1e61e0129a8d60199787'  itemscope=\"itemscope\" itemtype=\"https:\/\/schema.org\/CreativeWork\" ><div class='avia_textblock av_inherit_color'  itemprop=\"text\" ><h3 style=\"text-align: left;\">Wo treffen wir uns?<\/h3>\n<p>VS J\u00e4gergrund \u2013 Turnsaal<\/p>\n<h3>Interessiert?<\/h3>\n<p>Waltraud Herschold<br \/>\n+43 650 77 00 424<br \/>\n<a href=\"mailto:fit@atus-graz.com\">fit@atus-graz.com<\/a><\/p>\n<\/div><\/section><\/div><\/div><!--close column table wrapper. Autoclose: 1 -->\n<style type=\"text\/css\" data-created_by=\"avia_inline_auto\" id=\"style-css-av-38cjh3-9f28f8c752383c16adc4f63171086a69\">\n#top .hr.hr-invisible.av-38cjh3-9f28f8c752383c16adc4f63171086a69{\nheight:50px;\n}\n<\/style>\n<div  class='hr av-38cjh3-9f28f8c752383c16adc4f63171086a69 hr-invisible  avia-builder-el-7  el_after_av_one_fourth  el_before_av_one_full '><span class='hr-inner '><span class=\"hr-inner-style\"><\/span><\/span><\/div>\n\n<style type=\"text\/css\" data-created_by=\"avia_inline_auto\" id=\"style-css-av-33p6s7-0f488cae29ae150189b9540836baceba\">\n.flex_column.av-33p6s7-0f488cae29ae150189b9540836baceba{\n-webkit-border-radius:0px 0px 0px 0px;\n-moz-border-radius:0px 0px 0px 0px;\nborder-radius:0px 0px 0px 0px;\npadding:30px 30px 30px 30px;\nbackground-color:#f4f4f4;\n}\n<\/style>\n<div class='flex_column av-33p6s7-0f488cae29ae150189b9540836baceba av_one_full  avia-builder-el-8  el_after_av_hr  el_before_av_hr  first flex_column_div '     ><style type=\"text\/css\" data-created_by=\"avia_inline_auto\" id=\"style-css-av-2vxz33-22a5196786bf4df7e08a399564786003\">\n#top .av_textblock_section.av-2vxz33-22a5196786bf4df7e08a399564786003 .avia_textblock{\ncolor:#0a0a0a;\n}\n<\/style>\n<section  class='av_textblock_section av-2vxz33-22a5196786bf4df7e08a399564786003'  itemscope=\"itemscope\" itemtype=\"https:\/\/schema.org\/CreativeWork\" ><div class='avia_textblock av_inherit_color'  itemprop=\"text\" ><h3 style=\"text-align: left;\">Termine<\/h3>\n<div style=\"overflow-x: auto;\">\n<table frame=\"box\" rules=\"all\">\n<tbody>\n<tr>\n<td valign=\"top\" width=\"60\">MO<\/td>\n<td valign=\"top\" width=\"60\">DI<\/td>\n<td valign=\"top\" width=\"60\">MI<\/td>\n<td valign=\"top\" width=\"60\">DO<\/td>\n<td valign=\"top\" width=\"60\">FR<\/td>\n<\/tr>\n<tr>\n<td valign=\"top\" width=\"60\"><\/td>\n<td valign=\"top\" width=\"60\"><strong><em>Eltern-Kind-Turnen<\/em><\/strong><\/p>\n<p><strong>16:30 &#8211; 17:30 Uhr<\/strong><\/td>\n<td valign=\"top\" width=\"60\"><\/td>\n<td valign=\"top\" width=\"60\"><\/td>\n<td valign=\"top\" width=\"60\"><\/td>\n<\/tr>\n<tr>\n<td valign=\"top\" width=\"60\"><em style=\"font-family: inherit; font-size: inherit;\"><strong>Grazy Sports<br \/>\n<\/strong><\/em>Boden- und Ger\u00e4teturnen<\/p>\n<p><strong>17:00 &#8211; 18:00 Uhr<\/strong><\/p>\n<p>ab 10 Teilnehmern<\/td>\n<td valign=\"top\" width=\"60\"><span style=\"font-size: inherit;\"><em><strong style=\"font-family: inherit;\">Schl\u00fcmpfe-Turnen<\/strong><\/em><\/span><\/p>\n<p><strong style=\"font-family: inherit; font-size: inherit;\">17:30 &#8211; 18:30 Uhr<\/strong><\/td>\n<td valign=\"top\" width=\"60\"><\/td>\n<td valign=\"top\" width=\"60\"><\/td>\n<td valign=\"top\" width=\"60\"><\/td>\n<\/tr>\n<\/tbody>\n<\/table>\n<\/div>\n<\/div><\/section><\/div>\n<style type=\"text\/css\" data-created_by=\"avia_inline_auto\" id=\"style-css-av-2s5sb3-dfa0e0afbd147de79aaedf3d9da7ad76\">\n#top .hr.hr-invisible.av-2s5sb3-dfa0e0afbd147de79aaedf3d9da7ad76{\nheight:50px;\n}\n<\/style>\n<div  class='hr av-2s5sb3-dfa0e0afbd147de79aaedf3d9da7ad76 hr-invisible  avia-builder-el-10  el_after_av_one_full  el_before_av_one_third '><span class='hr-inner '><span class=\"hr-inner-style\"><\/span><\/span><\/div>\n<div class='flex_column_table av-2ljpbj-1a4c556cdfbd4cbbdbaca406521a92c0 sc-av_one_third av-equal-height-column-flextable'>\n<style type=\"text\/css\" data-created_by=\"avia_inline_auto\" id=\"style-css-av-2ljpbj-1a4c556cdfbd4cbbdbaca406521a92c0\">\n.flex_column.av-2ljpbj-1a4c556cdfbd4cbbdbaca406521a92c0{\n-webkit-border-radius:0px 0px 0px 0px;\n-moz-border-radius:0px 0px 0px 0px;\nborder-radius:0px 0px 0px 0px;\npadding:30px 30px 30px 30px;\nbackground-color:#f4f4f4;\n}\n<\/style>\n<div class='flex_column av-2ljpbj-1a4c556cdfbd4cbbdbaca406521a92c0 av_one_third  avia-builder-el-11  el_after_av_hr  el_before_av_one_third  first flex_column_table_cell av-equal-height-column av-align-top '     ><style type=\"text\/css\" data-created_by=\"avia_inline_auto\" id=\"style-css-av-8n51z-4026a95df2beb23e0bb03b1558fb326f\">\n#top .av_textblock_section.av-8n51z-4026a95df2beb23e0bb03b1558fb326f .avia_textblock{\ncolor:#0a0a0a;\n}\n<\/style>\n<section  class='av_textblock_section av-8n51z-4026a95df2beb23e0bb03b1558fb326f'  itemscope=\"itemscope\" itemtype=\"https:\/\/schema.org\/CreativeWork\" ><div class='avia_textblock av_inherit_color'  itemprop=\"text\" ><h3><b>Eltern-Kind-Turnen<\/b><\/h3>\n<p style=\"text-align: left;\">Fr\u00f6hliche Turnstunden mit Mama, Papa, Oma oder Opa. Ball- und Laufspiele, Ger\u00e4teturnen und Koordinations\u00fcbungen. Neue Freunde finden und ganz viel Spa\u00df!<\/p>\n<p style=\"text-align: left;\">Spielend die Welt der Bewegung entdecken.\u00a0Einstieg und Schnuppern jederzeit m\u00f6glich!<\/p>\n<p><strong>Wo?<\/strong> VS J\u00e4gergrund, Unterer Br\u00fcndlweg 21, Webling<\/p>\n<\/div><\/section><\/div><div class='av-flex-placeholder'><\/div>\n<style type=\"text\/css\" data-created_by=\"avia_inline_auto\" id=\"style-css-av-28ugo7-d312d9bcd098fb6d3aaf12315912c8c1\">\n.flex_column.av-28ugo7-d312d9bcd098fb6d3aaf12315912c8c1{\n-webkit-border-radius:0px 0px 0px 0px;\n-moz-border-radius:0px 0px 0px 0px;\nborder-radius:0px 0px 0px 0px;\npadding:30px 30px 30px 30px;\nbackground-color:#f4f4f4;\n}\n<\/style>\n<div class='flex_column av-28ugo7-d312d9bcd098fb6d3aaf12315912c8c1 av_one_third  avia-builder-el-13  el_after_av_one_third  el_before_av_one_third  flex_column_table_cell av-equal-height-column av-align-top '     ><style type=\"text\/css\" data-created_by=\"avia_inline_auto\" id=\"style-css-av-22y6p3-5e8c92f1c218d23de3f33d8a92127f14\">\n#top .av_textblock_section.av-22y6p3-5e8c92f1c218d23de3f33d8a92127f14 .avia_textblock{\ncolor:#0a0a0a;\n}\n<\/style>\n<section  class='av_textblock_section av-22y6p3-5e8c92f1c218d23de3f33d8a92127f14'  itemscope=\"itemscope\" itemtype=\"https:\/\/schema.org\/CreativeWork\" ><div class='avia_textblock av_inherit_color'  itemprop=\"text\" ><h3><strong>Schl\u00fcmpfe-Turnen<\/strong><\/h3>\n<p>Wir f\u00f6rdern den nat\u00fcrlichen Bewegungsdrang Ihrer Kinder \u2013 vom Purzelbaum zum Hand- und Kopfstand \u2013 spielerisches Turnen mit Minitramp, Seilen, Kasten \u2026.- \u00a0und haben au\u00dferdem noch ganz viel Spa\u00df dabei. Einfach vorbeikommen und mitmachen &#8211; Einstieg jederzeit m\u00f6glich.<\/p>\n<p><strong>Wo?<\/strong> VS J\u00e4gergrund, Unterer Br\u00fcndlweg 21, Webling<\/p>\n<\/div><\/section><\/div><div class='av-flex-placeholder'><\/div>\n<style type=\"text\/css\" data-created_by=\"avia_inline_auto\" id=\"style-css-av-1uet3z-6a4eaa8b9df32cfb87081c884eb7ecd6\">\n.flex_column.av-1uet3z-6a4eaa8b9df32cfb87081c884eb7ecd6{\n-webkit-border-radius:0px 0px 0px 0px;\n-moz-border-radius:0px 0px 0px 0px;\nborder-radius:0px 0px 0px 0px;\npadding:30px 30px 30px 30px;\nbackground-color:#f4f4f4;\n}\n<\/style>\n<div class='flex_column av-1uet3z-6a4eaa8b9df32cfb87081c884eb7ecd6 av_one_third  avia-builder-el-15  el_after_av_one_third  avia-builder-el-last  flex_column_table_cell av-equal-height-column av-align-top '     ><style type=\"text\/css\" data-created_by=\"avia_inline_auto\" id=\"style-css-av-64ge7-8bfe906e0fcaf1006ff983c2c94e838d\">\n#top .av_textblock_section.av-64ge7-8bfe906e0fcaf1006ff983c2c94e838d .avia_textblock{\ncolor:#0a0a0a;\n}\n<\/style>\n<section  class='av_textblock_section av-64ge7-8bfe906e0fcaf1006ff983c2c94e838d'  itemscope=\"itemscope\" itemtype=\"https:\/\/schema.org\/CreativeWork\" ><div class='avia_textblock av_inherit_color'  itemprop=\"text\" ><h3><strong>\u201eGrazy-Sports\u201c f\u00fcr Kinder und Jugendliche<\/strong><\/h3>\n<p><strong>Boden- und Ger\u00e4teturnen<\/strong><\/p>\n<p>K\u00f6rpererfahrungen sammeln und merken &#8211; \u201eDu kannst viel mehr als du glaubst\u201c!<\/p>\n<p>Spielerisch kleine \u00c4ngste \u00fcberwinden \u2013 mit Bewegung Selbstvertrauen tanken \u2013 vom Purzelbaum zum Salto mit ganz viel Spa\u00df. Wir freuen uns auf dich und deine Freunde \u2013 schau einfach mal rein!<\/p>\n<p><strong>Wo?<\/strong> VS J\u00e4gergrund, Unterer Br\u00fcndlweg, Webling<\/p>\n<p>Der Kurs findet ab einer Anmeldung von mind. 10 Kindern statt.<\/p>\n<\/div><\/section><\/div><\/div><!--close column table wrapper. Autoclose: 1 --><\/div><\/div><\/div><!-- close content main div --><\/div><\/div>\n<style type=\"text\/css\" data-created_by=\"avia_inline_auto\" id=\"style-css-av-1ndc3z-737e1dfccf54112343260205161c6fe2\">\n.avia-section.av-1ndc3z-737e1dfccf54112343260205161c6fe2{\nbackground-color:#ffffff;\nbackground-image:unset;\n}\n<\/style>\n<div id='av_section_3'  class='avia-section av-1ndc3z-737e1dfccf54112343260205161c6fe2 main_color avia-section-default avia-no-shadow  avia-builder-el-17  el_after_av_section  avia-builder-el-last  avia-bg-style-scroll container_wrap sidebar_right'  ><div class='container av-section-cont-open' ><div class='template-page content  av-content-small alpha units'><div class='post-entry post-entry-type-page post-entry-567'><div class='entry-content-wrapper clearfix'>\n\n<style type=\"text\/css\" data-created_by=\"avia_inline_auto\" id=\"style-css-av-1cf72f-38b5a04d3ea9b76af61133eab54142d9\">\n.flex_column.av-1cf72f-38b5a04d3ea9b76af61133eab54142d9{\n-webkit-border-radius:0px 0px 0px 0px;\n-moz-border-radius:0px 0px 0px 0px;\nborder-radius:0px 0px 0px 0px;\npadding:30px 30px 30px 30px;\nbackground-color:#ffffff;\n}\n<\/style>\n<div class='flex_column av-1cf72f-38b5a04d3ea9b76af61133eab54142d9 av_three_fifth  avia-builder-el-18  el_before_av_two_fifth  avia-builder-el-first  first flex_column_div '     ><form action=\"https:\/\/www.atus-graz.com\/index.php\/turnen-gymnastik\/turnen-gymnastik-kinder\/\" method=\"post\"  class=\"avia_ajax_form av-form-labels-visible   avia-builder-el-19  avia-builder-el-no-sibling   \" data-avia-form-id=\"1\" data-avia-redirect='' ><h3 class=''>ANFRAGE KINDERTURNEN<\/h3><fieldset><p class='  first_form  form_element form_fullwidth' id='element_avia_1_1'><label for=\"avia_1_1\">Name <abbr class=\"required\" title=\"ben\u00f6tigt\">*<\/abbr><\/label> <input name=\"avia_1_1\" class=\"text_input is_empty\" type=\"text\" id=\"avia_1_1\" value=\"\" \/><\/p><p class='  first_form  form_element form_fullwidth' id='element_avia_2_1'><label for=\"avia_2_1\">E-Mail <abbr class=\"required\" title=\"ben\u00f6tigt\">*<\/abbr><\/label> <input name=\"avia_2_1\" class=\"text_input is_email\" type=\"text\" id=\"avia_2_1\" value=\"\" \/><\/p><p class='  first_form  form_element form_fullwidth' id='element_avia_3_1'><label for=\"avia_3_1\">Betreff <abbr class=\"required\" title=\"ben\u00f6tigt\">*<\/abbr><\/label> <input name=\"avia_3_1\" class=\"text_input is_empty\" type=\"text\" id=\"avia_3_1\" value=\"\" \/><\/p><p class='  first_form  form_element form_fullwidth' id='element_avia_4_1'><label for=\"avia_4_1\" class=\"textare_label hidden textare_label_avia_4_1\">Nachricht <abbr class=\"required\" title=\"ben\u00f6tigt\">*<\/abbr><\/label><textarea  name=\"avia_4_1\" class=\"text_area is_empty\" cols=\"40\" rows=\"7\" id=\"avia_4_1\" ><\/textarea><\/p><p class='  first_form  form_element form_fullwidth av-last-visible-form-element' id='element_avia_5_1'><input  name=\"avia_5_1\" class=\"input_checkbox is_empty\" type=\"checkbox\" id=\"avia_5_1\" value=\"true\"\/><label class=\"input_checkbox_label\" for=\"avia_5_1\">Ich habe die Hinweise zum <a href=\"http:\/\/www.atus-graz.com\/index.php\/datenschutz\/&quot;\">Datenschutz<\/a> gelesen und akzeptiere diese.  <abbr class=\"required\" title=\"ben\u00f6tigt\">*<\/abbr><\/label><\/p><p class=\"hidden\"><input type=\"text\" name=\"avia_6_1\" class=\"hidden \" id=\"avia_6_1\" value=\"\" \/><\/p><p class=\"form_element \"><input type=\"hidden\" value=\"1\" name=\"avia_generated_form1\" \/><input type=\"submit\" value=\"Senden\" class=\"button\"  data-sending-label=\"Sende\"\/><\/p><\/fieldset><\/form><div id=\"ajaxresponse_1\" class=\"ajaxresponse ajaxresponse_1 hidden\"><\/div><\/div>\n<style type=\"text\/css\" data-created_by=\"avia_inline_auto\" id=\"style-css-av-ehcyf-7af4c08d49f4a1d75a17cc397145ac44\">\n.flex_column.av-ehcyf-7af4c08d49f4a1d75a17cc397145ac44{\n-webkit-border-radius:0px 0px 0px 0px;\n-moz-border-radius:0px 0px 0px 0px;\nborder-radius:0px 0px 0px 0px;\npadding:30px 30px 30px 30px;\nbackground-color:#ffffff;\n}\n<\/style>\n<div class='flex_column av-ehcyf-7af4c08d49f4a1d75a17cc397145ac44 av_two_fifth  avia-builder-el-20  el_after_av_three_fifth  avia-builder-el-last  flex_column_div '     ><style type=\"text\/css\" data-created_by=\"avia_inline_auto\" id=\"style-css-av-afszj-8747e6c7fd64124ee945e6792bd8becf\">\n#top .av_textblock_section.av-afszj-8747e6c7fd64124ee945e6792bd8becf .avia_textblock{\ncolor:#0a0a0a;\n}\n<\/style>\n<section  class='av_textblock_section av-afszj-8747e6c7fd64124ee945e6792bd8becf'  itemscope=\"itemscope\" itemtype=\"https:\/\/schema.org\/CreativeWork\" ><div class='avia_textblock av_inherit_color'  itemprop=\"text\" ><h3>KONTAKT ATUS GRAZ \u2013 SEKTION FIT<\/h3>\n<p>Waltraud Herschold<\/p>\n<p>Telefon:\u00a00650 \/ 7700424<\/p>\n<p>E-Mail:\u00a0<a href=\"mailto:fit@atus-graz.com\">fit@atus-graz.com<\/a><\/p>\n<div style=\"text-align: center;\"><\/div>\n<\/div><\/section><\/div>\n<\/div><\/div><\/div><!-- close content main div --><\/div><\/div><div id='after_section_3'  class='main_color av_default_container_wrap container_wrap sidebar_right'  ><div class='container av-section-cont-open' ><div class='template-page content  av-content-small alpha units'><div class='post-entry post-entry-type-page post-entry-567'><div class='entry-content-wrapper clearfix'><\/p>\n","protected":false},"excerpt":{"rendered":"","protected":false},"author":1,"featured_media":0,"parent":553,"menu_order":0,"comment_status":"closed","ping_status":"closed","template":"","meta":{"footnotes":""},"class_list":["post-567","page","type-page","status-publish","hentry"],"_links":{"self":[{"href":"https:\/\/www.atus-graz.com\/index.php\/wp-json\/wp\/v2\/pages\/567","targetHints":{"allow":["GET"]}}],"collection":[{"href":"https:\/\/www.atus-graz.com\/index.php\/wp-json\/wp\/v2\/pages"}],"about":[{"href":"https:\/\/www.atus-graz.com\/index.php\/wp-json\/wp\/v2\/types\/page"}],"author":[{"embeddable":true,"href":"https:\/\/www.atus-graz.com\/index.php\/wp-json\/wp\/v2\/users\/1"}],"replies":[{"embeddable":true,"href":"https:\/\/www.atus-graz.com\/index.php\/wp-json\/wp\/v2\/comments?post=567"}],"version-history":[{"count":17,"href":"https:\/\/www.atus-graz.com\/index.php\/wp-json\/wp\/v2\/pages\/567\/revisions"}],"predecessor-version":[{"id":1067,"href":"https:\/\/www.atus-graz.com\/index.php\/wp-json\/wp\/v2\/pages\/567\/revisions\/1067"}],"up":[{"embeddable":true,"href":"https:\/\/www.atus-graz.com\/index.php\/wp-json\/wp\/v2\/pages\/553"}],"wp:attachment":[{"href":"https:\/\/www.atus-graz.com\/index.php\/wp-json\/wp\/v2\/media?parent=567"}],"curies":[{"name":"wp","href":"https:\/\/api.w.org\/{rel}","templated":true}]}}